{"id":10845,"date":"2023-06-13T12:32:14","date_gmt":"2023-06-13T12:32:14","guid":{"rendered":"https:\/\/nefesaudio.com\/fa\/?post_type=product&#038;p=10845"},"modified":"2026-01-30T13:53:07","modified_gmt":"2026-01-30T13:53:07","slug":"midi-usb-breath-controller","status":"publish","type":"product","link":"https:\/\/nefesaudio.com\/fa\/product\/midi-usb-breath-controller\/","title":{"rendered":"MIDI&#038;USB \u0628\u0631\u06cc\u0633 \u06a9\u0646\u062a\u0631\u0644\u0631"},"content":{"rendered":"\t\t<div data-elementor-type=\"wp-post\" data-elementor-id=\"10845\" class=\"elementor elementor-10845\" data-elementor-settings=\"[]\">\n\t\t\t\t\t\t\t<div class=\"elementor-section-wrap\">\n\t\t\t\t\t\t\t<section class=\"elementor-section elementor-top-section elementor-element elementor-element-77f3f98 elementor-section-boxed elementor-section-height-default elementor-section-height-default wd-section-disabled\" data-id=\"77f3f98\" data-element_type=\"section\">\n\t\t\t\t\t\t<div class=\"elementor-container elementor-column-gap-default\">\n\t\t\t\t\t<div class=\"elementor-column elementor-col-100 elementor-top-column elementor-element elementor-element-76738a3\" data-id=\"76738a3\" data-element_type=\"column\">\n\t\t\t<div class=\"elementor-widget-wrap elementor-element-populated\">\n\t\t\t\t\t\t\t\t<div class=\"elementor-element elementor-element-3c2a501 color-scheme-inherit text-left elementor-widget elementor-widget-text-editor\" data-id=\"3c2a501\" data-element_type=\"widget\" data-widget_type=\"text-editor.default\">\n\t\t\t\t<div class=\"elementor-widget-container\">\n\t\t\t\t\t\t\t<h2><strong>M\u0130D\u0130 G\u0130R\u0130\u015e\u0130 BULUNMAZSA DA, USB \u0130E D\u0130REKT BA\u011eLANIR, \u00c7ARI\u015eIR&#8230;<\/strong><\/h2>\t\t\t\t\t\t<\/div>\n\t\t\t\t<\/div>\n\t\t\t\t\t<\/div>\n\t\t<\/div>\n\t\t\t\t\t\t\t<\/div>\n\t\t<\/section>\n\t\t\t\t<section class=\"elementor-section elementor-top-section elementor-element elementor-element-2c3009a elementor-section-boxed elementor-section-height-default elementor-section-height-default wd-section-disabled\" data-id=\"2c3009a\" data-element_type=\"section\">\n\t\t\t\t\t\t<div class=\"elementor-container elementor-column-gap-default\">\n\t\t\t\t\t<div class=\"elementor-column elementor-col-100 elementor-top-column elementor-element elementor-element-3ed96b8\" data-id=\"3ed96b8\" data-element_type=\"column\">\n\t\t\t<div class=\"elementor-widget-wrap elementor-element-populated\">\n\t\t\t\t\t\t\t\t<div class=\"elementor-element elementor-element-ede7421 elementor-widget elementor-widget-wd_text_block\" data-id=\"ede7421\" data-element_type=\"widget\" data-widget_type=\"wd_text_block.default\">\n\t\t\t\t<div class=\"elementor-widget-container\">\n\t\t\t\t\t<div class=\"wd-text-block reset-last-child text-left\">\n\t\t\t\n\t\t\t<h4 style=\"text-align: center;\">\u00a0 BU C\u0130HAZ \u00d6ZELL\u0130KLE ST\u00dcD\u0130YO ORTAMINDA FLSTUD\u0130O, QBASE, SWAM VS. UYGALAMALARDA VST SESLER\u0130N\u0130 KULLANAN M\u00dcZ\u0130SYENLER \u0130\u00c7\u0130N TASARLANMI\u015eTIR.\u00a0<\/h4>\n\t\t\t\t\t<\/div>\n\t\t\t\t<\/div>\n\t\t\t\t<\/div>\n\t\t\t\t\t<\/div>\n\t\t<\/div>\n\t\t\t\t\t\t\t<\/div>\n\t\t<\/section>\n\t\t\t\t<section class=\"elementor-section elementor-top-section elementor-element elementor-element-a0bce62 elementor-section-boxed elementor-section-height-default elementor-section-height-default wd-section-disabled\" data-id=\"a0bce62\" data-element_type=\"section\">\n\t\t\t\t\t\t<div class=\"elementor-container elementor-column-gap-default\">\n\t\t\t\t\t<div class=\"elementor-column elementor-col-50 elementor-top-column elementor-element elementor-element-954138c\" data-id=\"954138c\" data-element_type=\"column\">\n\t\t\t<div class=\"elementor-widget-wrap elementor-element-populated\">\n\t\t\t\t\t\t\t\t<div class=\"elementor-element elementor-element-f856dfd elementor-widget elementor-widget-wd_text_block\" data-id=\"f856dfd\" data-element_type=\"widget\" data-widget_type=\"wd_text_block.default\">\n\t\t\t\t<div class=\"elementor-widget-container\">\n\t\t\t\t\t<div class=\"wd-text-block reset-last-child text-left\">\n\t\t\t\n\t\t\t<h1 style=\"text-align: center;\"><span style=\"color: #c21111;\">\u00f6zellikler<\/span><\/h1><p><span style=\"color: #000000;\">BU -C\u0130HAZIN EN \u00d6NEML\u0130 \u00d6ZELL\u0130\u011e\u0130 M\u0130D\u0130-USB D\u00d6N\u00dc\u015eT\u00dcR\u00dcC\u00dc OLMADAN D\u0130REKT USB \u00dcZER\u0130NDEN B\u0130LG\u0130SAYARA BA\u011eLANIP \u00c7ALI\u015eMASIDIR.<\/span><\/p><p style=\"text-align: left;\"><span style=\"color: #000000;\">C\u0130HAZ HER A\u00c7ILDI\u011eINDA OTOMAT\u0130K OLARAK KAL\u0130BRASYON MODUNA G\u0130RER VE ORTAMIN HAVA BASINCI \u0130LE KEND\u0130N\u0130 AYARLAR.<\/span><\/p><p style=\"text-align: left;\"><span style=\"color: #000000;\">M\u0130D\u0130 BA\u011eLANTISI \u0130LE \u00c7ALI\u015eIR VE 3\u00a0UPPER KONTROL EDER.<\/span><\/p><p style=\"text-align: left;\"><span style=\"color: #000000;\">SENSOR HASSAS\u0130YET\u0130 AYARLANIR.<\/span><\/p><p style=\"text-align: left;\"><span style=\"color: #000000;\">OFFSET AYARI \u0130LE\u00a0\u00dcFLEMED\u0130\u011e\u0130N\u0130Z ZAMAN \u00c7IKACAK ASGAR\u0130 SES\u0130N \u015e\u0130DDET\u0130 AYARLANIR.<\/span><\/p><p style=\"text-align: left;\"><span style=\"color: #000000;\">USB \u0130LE BESLEN\u0130R.<\/span><\/p><p style=\"text-align: left;\"><span style=\"color: #000000;\">M\u0130D\u0130 G\u0130R\u0130\u015e\u0130 OLAN B\u00dcT\u00dcN KLAV\u0130YELERLE UYUMLU.<\/span><\/p>\n\t\t\t\t\t<\/div>\n\t\t\t\t<\/div>\n\t\t\t\t<\/div>\n\t\t\t\t\t<\/div>\n\t\t<\/div>\n\t\t\t\t<div class=\"elementor-column elementor-col-50 elementor-top-column elementor-element elementor-element-d62b702\" data-id=\"d62b702\" data-element_type=\"column\">\n\t\t\t<div class=\"elementor-widget-wrap elementor-element-populated\">\n\t\t\t\t\t\t\t\t<div class=\"elementor-element elementor-element-ccafa83 elementor-widget__width-initial elementor-widget elementor-widget-wd_extra_menu_list\" data-id=\"ccafa83\" data-element_type=\"widget\" data-widget_type=\"wd_extra_menu_list.default\">\n\t\t\t\t<div class=\"elementor-widget-container\">\n\t\t\t\t\t\t<ul class=\"wd-sub-menu  mega-menu-list\">\n\t\t\t\t<li class=\"item-with-label item-label-primary\">\n\t\t\t\t\t\t\t\t\t\t\t<a >\n\t\t\t\t\t\t\t\t\t\t\t\t\t\t\t\t\t\t\t\t\t\t\n\t\t\t\t\t\t\t\t\t\t\t\t\t\t\tKUTU \u0130\u00c7ER\u0130\u011e\u0130\t\t\t\t\t\t\t\n\t\t\t\t\t\t\t\t\t\t\t\t\t<\/a>\n\t\t\t\t\t\n\t\t\t\t\t<ul class=\"sub-sub-menu\">\n\t\t\t\t\t\t\t\t\t\t\t\t\t\n\t\t\t\t\t\t\t<li class=\"item-with-label item-label-primary\">\n\t\t\t\t\t\t\t\t<a >\n\t\t\t\t\t\t\t\t\t\t\t\t\t\t\t\t\t\t\t\t\t\t\t\t\t\t\t\t\n\t\t\t\t\t\t\t\t\t\t\t\t\t\t\t\t\t\t\tM\u0130D\u0130&amp;USB BREATH CONTROLLER BOX\t\t\t\t\t\t\t\t\t\n\t\t\t\t\t\t\t\t\t\t\t\t\t\t\t\t\t<\/a>\n\t\t\t\t\t\t\t<\/li>\n\t\t\t\t\t\t\t\t\t\t\t\t\t\n\t\t\t\t\t\t\t<li class=\"item-with-label item-label-green\">\n\t\t\t\t\t\t\t\t<a >\n\t\t\t\t\t\t\t\t\t\t\t\t\t\t\t\t\t\t\t\t\t\t\t\t\t\t\t\t\n\t\t\t\t\t\t\t\t\t\t\t\t\t\t\t\t\t\t\tBREATH CONTROLLER HEADSET\t\t\t\t\t\t\t\t\t\n\t\t\t\t\t\t\t\t\t\t\t\t\t\t\t\t\t<\/a>\n\t\t\t\t\t\t\t<\/li>\n\t\t\t\t\t\t\t\t\t\t\t\t\t\n\t\t\t\t\t\t\t<li class=\"item-with-label item-label-green\">\n\t\t\t\t\t\t\t\t<a >\n\t\t\t\t\t\t\t\t\t\t\t\t\t\t\t\t\t\t\t\t\t\t\t\t\t\t\t\t\n\t\t\t\t\t\t\t\t\t\t\t\t\t\t\t\t\t\t\t\t\t\t\t\t\t\t\t\t\n\t\t\t\t\t\t\t\t\t\t\t\t\t\t\t\t\t<\/a>\n\t\t\t\t\t\t\t<\/li>\n\t\t\t\t\t\t\t\t\t\t\t\t\t\n\t\t\t\t\t\t\t<li class=\"item-with-label item-label-green\">\n\t\t\t\t\t\t\t\t<a >\n\t\t\t\t\t\t\t\t\t\t\t\t\t\t\t\t\t\t\t\t\t\t\t\t\t\t\t\t\n\t\t\t\t\t\t\t\t\t\t\t\t\t\t\t\t\t\t\t2X A\u011eIZLIK\t\t\t\t\t\t\t\t\t\n\t\t\t\t\t\t\t\t\t\t\t\t\t\t\t\t\t\t\t<span class=\"menu-label menu-label-green\">\n\t\t\t\t\t\t\t\t\t\t\tB\u0130O PLAST\u0130K\t\t\t\t\t\t\t\t\t\t<\/span>\n\t\t\t\t\t\t\t\t\t\t\t\t\t\t\t\t\t<\/a>\n\t\t\t\t\t\t\t<\/li>\n\t\t\t\t\t\t\t\t\t\t\t\t\t\n\t\t\t\t\t\t\t<li class=\"item-with-label item-label-red\">\n\t\t\t\t\t\t\t\t<a >\n\t\t\t\t\t\t\t\t\t\t\t\t\t\t\t\t\t\t\t\t\t\t\t\t\t\t\t\t\n\t\t\t\t\t\t\t\t\t\t\t\t\t\t\t\t\t\t\tM\u0130D\u0130 KABLOSU\t\t\t\t\t\t\t\t\t\n\t\t\t\t\t\t\t\t\t\t\t\t\t\t\t\t\t<\/a>\n\t\t\t\t\t\t\t<\/li>\n\t\t\t\t\t\t\t\t\t\t\t\t\t\n\t\t\t\t\t\t\t<li class=\"item-with-label item-label-primary\">\n\t\t\t\t\t\t\t\t<a  href=\"#\">\n\t\t\t\t\t\t\t\t\t\t\t\t\t\t\t\t\t\t\t\t\t\t\t\t\t\t\t\t\n\t\t\t\t\t\t\t\t\t\t\t\t\t\t\t\t\t\t\tUSB KABLOSU\t\t\t\t\t\t\t\t\t\n\t\t\t\t\t\t\t\t\t\t\t\t\t\t\t\t\t<\/a>\n\t\t\t\t\t\t\t<\/li>\n\t\t\t\t\t\t\t\t\t\t\t\t\t\n\t\t\t\t\t\t\t<li class=\"item-with-label item-label-primary\">\n\t\t\t\t\t\t\t\t<a  href=\"#\">\n\t\t\t\t\t\t\t\t\t\t\t\t\t\t\t\t\t\t\t\t\t\t\t\t\t\t\t\t\n\t\t\t\t\t\t\t\t\t\t\t\t\t\t\t\t\t\t\tKULLANIM KLAVUZU\t\t\t\t\t\t\t\t\t\n\t\t\t\t\t\t\t\t\t\t\t\t\t\t\t\t\t<\/a>\n\t\t\t\t\t\t\t<\/li>\n\t\t\t\t\t\t\t\t\t\t\t\t\t\n\t\t\t\t\t\t\t<li class=\"item-with-label item-label-primary\">\n\t\t\t\t\t\t\t\t<a  href=\"#\">\n\t\t\t\t\t\t\t\t\t\t\t\t\t\t\t\t\t\t\t\t\t\t\t\t\t\t\t\t\n\t\t\t\t\t\t\t\t\t\t\t\t\t\t\t\t\t\t\t\u00d6ZEL TA\u015eINMA \u00c7ANTASI\t\t\t\t\t\t\t\t\t\n\t\t\t\t\t\t\t\t\t\t\t\t\t\t\t\t\t<\/a>\n\t\t\t\t\t\t\t<\/li>\n\t\t\t\t\t\t\t\t\t\t\t<\/ul>\n\t\t\t\t<\/li>\n\t\t\t<\/ul>\n\t\t\t\t<\/div>\n\t\t\t\t<\/div>\n\t\t\t\t\t<\/div>\n\t\t<\/div>\n\t\t\t\t\t\t\t<\/div>\n\t\t<\/section>\n\t\t\t\t\t\t<\/div>\n\t\t\t\t\t<\/div>\n\t\t","protected":false},"excerpt":{"rendered":"<p><a href=\"https:\/\/www.instagram.com\/nefesaudio\/\"><img loading=\"lazy\" decoding=\"async\" class=\"alignnone wp-image-11378\" src=\"https:\/\/nefesaudio.com\/fa\/wp-content\/uploads\/2023\/06\/Instagram_logo_2022.svg-1-300x300.webp\" alt=\"\" width=\"40\" height=\"40\" srcset=\"https:\/\/nefesaudio.com\/fa\/wp-content\/uploads\/2023\/06\/Instagram_logo_2022.svg-1-300x300.webp 300w, https:\/\/nefesaudio.com\/fa\/wp-content\/uploads\/2023\/06\/Instagram_logo_2022.svg-1-800x800.webp 800w, https:\/\/nefesaudio.com\/fa\/wp-content\/uploads\/2023\/06\/Instagram_logo_2022.svg-1-150x150.webp 150w, https:\/\/nefesaudio.com\/fa\/wp-content\/uploads\/2023\/06\/Instagram_logo_2022.svg-1-768x768.webp 768w, https:\/\/nefesaudio.com\/fa\/wp-content\/uploads\/2023\/06\/Instagram_logo_2022.svg-1-860x860.webp 860w, https:\/\/nefesaudio.com\/fa\/wp-content\/uploads\/2023\/06\/Instagram_logo_2022.svg-1-430x430.webp 430w, https:\/\/nefesaudio.com\/fa\/wp-content\/uploads\/2023\/06\/Instagram_logo_2022.svg-1-700x700.webp 700w, https:\/\/nefesaudio.com\/fa\/wp-content\/uploads\/2023\/06\/Instagram_logo_2022.svg-1.webp 1000w\" sizes=\"auto, (max-width: 40px) 100vw, 40px\" \/><\/a><\/p>\n<p class=\"p1\" dir=\"rtl\">\n","protected":false},"featured_media":11399,"template":"","meta":{"_joinchat":[]},"product_cat":[117],"product_tag":[],"class_list":["post-10845","product","type-product","status-publish","has-post-thumbnail","hentry","product_cat-nefes-audio"],"_links":{"self":[{"href":"https:\/\/nefesaudio.com\/fa\/wp-json\/wp\/v2\/product\/10845","targetHints":{"allow":["GET"]}}],"collection":[{"href":"https:\/\/nefesaudio.com\/fa\/wp-json\/wp\/v2\/product"}],"about":[{"href":"https:\/\/nefesaudio.com\/fa\/wp-json\/wp\/v2\/types\/product"}],"version-history":[{"count":16,"href":"https:\/\/nefesaudio.com\/fa\/wp-json\/wp\/v2\/product\/10845\/revisions"}],"predecessor-version":[{"id":11405,"href":"https:\/\/nefesaudio.com\/fa\/wp-json\/wp\/v2\/product\/10845\/revisions\/11405"}],"wp:featuredmedia":[{"embeddable":true,"href":"https:\/\/nefesaudio.com\/fa\/wp-json\/wp\/v2\/media\/11399"}],"wp:attachment":[{"href":"https:\/\/nefesaudio.com\/fa\/wp-json\/wp\/v2\/media?parent=10845"}],"wp:term":[{"taxonomy":"product_cat","embeddable":true,"href":"https:\/\/nefesaudio.com\/fa\/wp-json\/wp\/v2\/product_cat?post=10845"},{"taxonomy":"product_tag","embeddable":true,"href":"https:\/\/nefesaudio.com\/fa\/wp-json\/wp\/v2\/product_tag?post=10845"}],"curies":[{"name":"wp","href":"https:\/\/api.w.org\/{rel}","templated":true}]}}