{"id":11436,"date":"2024-01-25T12:53:11","date_gmt":"2024-01-25T12:53:11","guid":{"rendered":"https:\/\/nefesaudio.com\/fa\/?page_id=11436"},"modified":"2024-07-21T01:32:21","modified_gmt":"2024-07-21T01:32:21","slug":"urunlerimiz-2","status":"publish","type":"page","link":"https:\/\/nefesaudio.com\/fa\/urunlerimiz-2\/","title":{"rendered":"\u0645\u062d\u0635\u0648\u0644\u0627\u062a"},"content":{"rendered":"\t\t<div data-elementor-type=\"wp-page\" data-elementor-id=\"11436\" class=\"elementor elementor-11436\" data-elementor-settings=\"[]\">\n\t\t\t\t\t\t\t<div class=\"elementor-section-wrap\">\n\t\t\t\t\t\t\t<section class=\"elementor-section elementor-top-section elementor-element elementor-element-add4e8a elementor-section-boxed elementor-section-height-default elementor-section-height-default wd-section-disabled\" data-id=\"add4e8a\" data-element_type=\"section\">\n\t\t\t\t\t\t<div class=\"elementor-container elementor-column-gap-default\">\n\t\t\t\t\t<div class=\"elementor-column elementor-col-33 elementor-top-column elementor-element elementor-element-8e0e5d3\" data-id=\"8e0e5d3\" data-element_type=\"column\">\n\t\t\t<div class=\"elementor-widget-wrap elementor-element-populated\">\n\t\t\t\t\t\t\t\t<div class=\"elementor-element elementor-element-1cafcac elementor-widget elementor-widget-wd_banner\" data-id=\"1cafcac\" data-element_type=\"widget\" data-widget_type=\"wd_banner.default\">\n\t\t\t\t<div class=\"elementor-widget-container\">\n\t\t\t\t\t<div class=\"promo-banner-wrapper\">\n\t\t\t<div class=\"promo-banner banner-mask banner-hover-none color-scheme- banner-btn-size-default banner-btn-style-default with-btn banner-btn-position-hover cursor-pointer\" onclick=\"window.location.href='#'\">\n\t\t\t\t<div class=\"main-wrapp-img\">\n\t\t\t\t\t\t\t\t\t\t\t<div class=\"banner-image wd-without-height\">\n\t\t\t\t\t\t\t<img loading=\"lazy\" decoding=\"async\" width=\"2400\" height=\"1551\" src=\"https:\/\/nefesaudio.com\/fa\/wp-content\/uploads\/2023\/06\/PhotoRoom_20240108_164933.jpg\" class=\"attachment-full size-full\" alt=\"\" srcset=\"https:\/\/nefesaudio.com\/fa\/wp-content\/uploads\/2023\/06\/PhotoRoom_20240108_164933.jpg 2400w, https:\/\/nefesaudio.com\/fa\/wp-content\/uploads\/2023\/06\/PhotoRoom_20240108_164933-400x259.jpg 400w, https:\/\/nefesaudio.com\/fa\/wp-content\/uploads\/2023\/06\/PhotoRoom_20240108_164933-1238x800.jpg 1238w, https:\/\/nefesaudio.com\/fa\/wp-content\/uploads\/2023\/06\/PhotoRoom_20240108_164933-768x496.jpg 768w, https:\/\/nefesaudio.com\/fa\/wp-content\/uploads\/2023\/06\/PhotoRoom_20240108_164933-1536x993.jpg 1536w, https:\/\/nefesaudio.com\/fa\/wp-content\/uploads\/2023\/06\/PhotoRoom_20240108_164933-2048x1324.jpg 2048w, https:\/\/nefesaudio.com\/fa\/wp-content\/uploads\/2023\/06\/PhotoRoom_20240108_164933-860x556.jpg 860w, https:\/\/nefesaudio.com\/fa\/wp-content\/uploads\/2023\/06\/PhotoRoom_20240108_164933-430x278.jpg 430w, https:\/\/nefesaudio.com\/fa\/wp-content\/uploads\/2023\/06\/PhotoRoom_20240108_164933-700x452.jpg 700w, https:\/\/nefesaudio.com\/fa\/wp-content\/uploads\/2023\/06\/PhotoRoom_20240108_164933-150x97.jpg 150w\" sizes=\"auto, (max-width: 2400px) 100vw, 2400px\" \/>\t\t\t\t\t\t<\/div>\n\t\t\t\t\t\t\t\t\t<\/div>\n\n\t\t\t\t<div class=\"wrapper-content-banner wd-fill wd-items-middle wd-justify-center\">\n\t\t\t\t\t<div class=\"content-banner text-center\">\n\t\t\t\t\t\t<div class=\"banner-title-wrap\">\n\t\t\t\t\t\t\t\n\t\t\t\t\t\t\t\t\t\t\t\t\t\t\t<h4 class=\"banner-title wd-fontsize-l\" data-elementor-setting-key=\"title\">\n\t\t\t\t\t\t\t\t\tNefes Audio\t\t\t\t\t\t\t\t<\/h4>\n\t\t\t\t\t\t\t\t\t\t\t\t\t<\/div>\n\n\t\t\t\t\t\t\n\t\t\t\t\t\t\t\t\t\t\t\t\t<div class=\"banner-btn-wrapper\">\n\t\t\t\t\t\t\t\t\t\t<div class=\"wd-button-wrapper text-center\" >\n\t\t\t<a class=\"btn btn-style-default btn-shape-rectangle btn-size-default btn-color-default btn-icon-pos-right\" >\n\t\t\t\t<span class=\"wd-btn-text\" data-elementor-setting-key=\"text\">\n\t\t\t\t\t\u00dcr\u00fcnlere Bak\t\t\t\t<\/span>\n\n\t\t\t\t\t\t\t<\/a>\n\t\t<\/div>\n\t\t\t\t\t\t\t\t\t<\/div>\n\t\t\t\t\t\t\t\t\t\t\t<\/div>\n\t\t\t\t<\/div>\n\t\t\t<\/div>\n\t\t<\/div>\n\t\t\t\t<\/div>\n\t\t\t\t<\/div>\n\t\t\t\t\t<\/div>\n\t\t<\/div>\n\t\t\t\t<div class=\"elementor-column elementor-col-33 elementor-top-column elementor-element elementor-element-1a02b09\" data-id=\"1a02b09\" data-element_type=\"column\">\n\t\t\t<div class=\"elementor-widget-wrap elementor-element-populated\">\n\t\t\t\t\t\t\t\t<div class=\"elementor-element elementor-element-988b26d elementor-widget elementor-widget-wd_banner\" data-id=\"988b26d\" data-element_type=\"widget\" data-widget_type=\"wd_banner.default\">\n\t\t\t\t<div class=\"elementor-widget-container\">\n\t\t\t\t\t<div class=\"promo-banner-wrapper\">\n\t\t\t<div class=\"promo-banner banner-mask banner-hover-none color-scheme- banner-btn-size-default banner-btn-style-default with-btn banner-btn-position-hover cursor-pointer\" onclick=\"window.location.href='#'\">\n\t\t\t\t<div class=\"main-wrapp-img\">\n\t\t\t\t\t\t\t\t\t\t\t<div class=\"banner-image wd-without-height\">\n\t\t\t\t\t\t\t<img loading=\"lazy\" decoding=\"async\" width=\"2400\" height=\"1551\" src=\"https:\/\/nefesaudio.com\/fa\/wp-content\/uploads\/2023\/06\/PhotoRoom_20240108_164933.jpg\" class=\"attachment-full size-full\" alt=\"\" srcset=\"https:\/\/nefesaudio.com\/fa\/wp-content\/uploads\/2023\/06\/PhotoRoom_20240108_164933.jpg 2400w, https:\/\/nefesaudio.com\/fa\/wp-content\/uploads\/2023\/06\/PhotoRoom_20240108_164933-400x259.jpg 400w, https:\/\/nefesaudio.com\/fa\/wp-content\/uploads\/2023\/06\/PhotoRoom_20240108_164933-1238x800.jpg 1238w, https:\/\/nefesaudio.com\/fa\/wp-content\/uploads\/2023\/06\/PhotoRoom_20240108_164933-768x496.jpg 768w, https:\/\/nefesaudio.com\/fa\/wp-content\/uploads\/2023\/06\/PhotoRoom_20240108_164933-1536x993.jpg 1536w, https:\/\/nefesaudio.com\/fa\/wp-content\/uploads\/2023\/06\/PhotoRoom_20240108_164933-2048x1324.jpg 2048w, https:\/\/nefesaudio.com\/fa\/wp-content\/uploads\/2023\/06\/PhotoRoom_20240108_164933-860x556.jpg 860w, https:\/\/nefesaudio.com\/fa\/wp-content\/uploads\/2023\/06\/PhotoRoom_20240108_164933-430x278.jpg 430w, https:\/\/nefesaudio.com\/fa\/wp-content\/uploads\/2023\/06\/PhotoRoom_20240108_164933-700x452.jpg 700w, https:\/\/nefesaudio.com\/fa\/wp-content\/uploads\/2023\/06\/PhotoRoom_20240108_164933-150x97.jpg 150w\" sizes=\"auto, (max-width: 2400px) 100vw, 2400px\" \/>\t\t\t\t\t\t<\/div>\n\t\t\t\t\t\t\t\t\t<\/div>\n\n\t\t\t\t<div class=\"wrapper-content-banner wd-fill wd-items-middle wd-justify-center\">\n\t\t\t\t\t<div class=\"content-banner text-center\">\n\t\t\t\t\t\t<div class=\"banner-title-wrap\">\n\t\t\t\t\t\t\t\n\t\t\t\t\t\t\t\t\t\t\t\t\t\t\t<h4 class=\"banner-title wd-fontsize-l\" data-elementor-setting-key=\"title\">\n\t\t\t\t\t\t\t\t\tNefes Audio\t\t\t\t\t\t\t\t<\/h4>\n\t\t\t\t\t\t\t\t\t\t\t\t\t<\/div>\n\n\t\t\t\t\t\t\n\t\t\t\t\t\t\t\t\t\t\t\t\t<div class=\"banner-btn-wrapper\">\n\t\t\t\t\t\t\t\t\t\t<div class=\"wd-button-wrapper text-center\" >\n\t\t\t<a class=\"btn btn-style-default btn-shape-rectangle btn-size-default btn-color-default btn-icon-pos-right\" >\n\t\t\t\t<span class=\"wd-btn-text\" data-elementor-setting-key=\"text\">\n\t\t\t\t\t\u00dcr\u00fcnlere Bak\t\t\t\t<\/span>\n\n\t\t\t\t\t\t\t<\/a>\n\t\t<\/div>\n\t\t\t\t\t\t\t\t\t<\/div>\n\t\t\t\t\t\t\t\t\t\t\t<\/div>\n\t\t\t\t<\/div>\n\t\t\t<\/div>\n\t\t<\/div>\n\t\t\t\t<\/div>\n\t\t\t\t<\/div>\n\t\t\t\t\t<\/div>\n\t\t<\/div>\n\t\t\t\t<div class=\"elementor-column elementor-col-33 elementor-top-column elementor-element elementor-element-3f4e1d5\" data-id=\"3f4e1d5\" data-element_type=\"column\">\n\t\t\t<div class=\"elementor-widget-wrap\">\n\t\t\t\t\t\t\t\t\t<\/div>\n\t\t<\/div>\n\t\t\t\t\t\t\t<\/div>\n\t\t<\/section>\n\t\t\t\t\t\t<\/div>\n\t\t\t\t\t<\/div>\n\t\t","protected":false},"excerpt":{"rendered":"<p>Nefes Audio \u00dcr\u00fcnlere Bak Nefes Audio \u00dcr\u00fcnlere Bak<\/p>\n","protected":false},"author":1,"featured_media":0,"parent":0,"menu_order":0,"comment_status":"closed","ping_status":"closed","template":"","meta":{"_joinchat":[],"footnotes":""},"class_list":["post-11436","page","type-page","status-publish","hentry"],"_links":{"self":[{"href":"https:\/\/nefesaudio.com\/fa\/wp-json\/wp\/v2\/pages\/11436","targetHints":{"allow":["GET"]}}],"collection":[{"href":"https:\/\/nefesaudio.com\/fa\/wp-json\/wp\/v2\/pages"}],"about":[{"href":"https:\/\/nefesaudio.com\/fa\/wp-json\/wp\/v2\/types\/page"}],"author":[{"embeddable":true,"href":"https:\/\/nefesaudio.com\/fa\/wp-json\/wp\/v2\/users\/1"}],"replies":[{"embeddable":true,"href":"https:\/\/nefesaudio.com\/fa\/wp-json\/wp\/v2\/comments?post=11436"}],"version-history":[{"count":5,"href":"https:\/\/nefesaudio.com\/fa\/wp-json\/wp\/v2\/pages\/11436\/revisions"}],"predecessor-version":[{"id":11459,"href":"https:\/\/nefesaudio.com\/fa\/wp-json\/wp\/v2\/pages\/11436\/revisions\/11459"}],"wp:attachment":[{"href":"https:\/\/nefesaudio.com\/fa\/wp-json\/wp\/v2\/media?parent=11436"}],"curies":[{"name":"wp","href":"https:\/\/api.w.org\/{rel}","templated":true}]}}