{"id":11126,"date":"2023-09-25T13:53:50","date_gmt":"2023-09-25T13:53:50","guid":{"rendered":"https:\/\/nefesaudio.com\/fa\/?page_id=11126"},"modified":"2023-11-08T16:41:30","modified_gmt":"2023-11-08T16:41:30","slug":"demo","status":"publish","type":"page","link":"https:\/\/nefesaudio.com\/fa\/demo\/","title":{"rendered":"Demo"},"content":{"rendered":"\t\t<div data-elementor-type=\"wp-page\" data-elementor-id=\"11126\" class=\"elementor elementor-11126\" data-elementor-settings=\"[]\">\n\t\t\t\t\t\t\t<div class=\"elementor-section-wrap\">\n\t\t\t\t\t\t\t<section class=\"elementor-section elementor-top-section elementor-element elementor-element-23520ed9 elementor-section-full_width elementor-section-stretched elementor-section-height-default elementor-section-height-default wd-section-disabled\" data-id=\"23520ed9\" data-element_type=\"section\" id=\"demo\" data-settings=\"{&quot;stretch_section&quot;:&quot;section-stretched&quot;}\">\n\t\t\t\t\t\t<div class=\"elementor-container elementor-column-gap-default\">\n\t\t\t\t\t<div class=\"elementor-column elementor-col-100 elementor-top-column elementor-element elementor-element-2ca74da9\" data-id=\"2ca74da9\" data-element_type=\"column\">\n\t\t\t<div class=\"elementor-widget-wrap elementor-element-populated\">\n\t\t\t\t\t\t\t\t<div class=\"elementor-element elementor-element-81717de elementor-widget elementor-widget-wd_title\" data-id=\"81717de\" data-element_type=\"widget\" data-widget_type=\"wd_title.default\">\n\t\t\t\t<div class=\"elementor-widget-container\">\n\t\t\t\t\t<div class=\"title-wrapper set-mb-s reset-last-child wd-title-color-default wd-title-style-default wd-title-size-large text-center\">\n\n\t\t\t\n\t\t\t<div class=\"liner-continer\">\n\t\t\t\t<h4 class=\"woodmart-title-container title wd-fontsize-xxl\"><\/h4> \n\t\t\t\t\t\t\t<\/div>\n\n\t\t\t\t\t\t\t<div class=\"title-after_title set-cont-mb-s reset-last-child wd-fontsize-s\">\n\t\t\t\t\t<p>\u00dcr\u00fcnleri daha detayl\u0131 incelemek i\u00e7in videolar\u0131 izleyebilirsiniz.<\/p>\t\t\t\t<\/div>\n\t\t\t\t\t<\/div>\n\t\t\t\t<\/div>\n\t\t\t\t<\/div>\n\t\t\t\t<section class=\"elementor-section elementor-inner-section elementor-element elementor-element-4be6437 elementor-section-boxed elementor-section-height-default elementor-section-height-default wd-section-disabled\" data-id=\"4be6437\" data-element_type=\"section\">\n\t\t\t\t\t\t<div class=\"elementor-container elementor-column-gap-default\">\n\t\t\t\t\t<div class=\"elementor-column elementor-col-50 elementor-inner-column elementor-element elementor-element-26f18ddf\" data-id=\"26f18ddf\" data-element_type=\"column\">\n\t\t\t<div class=\"elementor-widget-wrap elementor-element-populated\">\n\t\t\t\t\t\t\t\t<div class=\"elementor-element elementor-element-30e58166 elementor-aspect-ratio-169 elementor-widget elementor-widget-video\" data-id=\"30e58166\" data-element_type=\"widget\" data-settings=\"{&quot;youtube_url&quot;:&quot;https:\\\/\\\/youtu.be\\\/5822w8ZQUtI&quot;,&quot;video_type&quot;:&quot;youtube&quot;,&quot;controls&quot;:&quot;yes&quot;,&quot;aspect_ratio&quot;:&quot;169&quot;}\" data-widget_type=\"video.default\">\n\t\t\t\t<div class=\"elementor-widget-container\">\n\t\t\t\t\t<div class=\"elementor-wrapper elementor-fit-aspect-ratio elementor-open-inline\">\n\t\t\t<div class=\"elementor-video\"><\/div>\t\t<\/div>\n\t\t\t\t<\/div>\n\t\t\t\t<\/div>\n\t\t\t\t\t<\/div>\n\t\t<\/div>\n\t\t\t\t<div class=\"elementor-column elementor-col-50 elementor-inner-column elementor-element elementor-element-178da856\" data-id=\"178da856\" data-element_type=\"column\">\n\t\t\t<div class=\"elementor-widget-wrap elementor-element-populated\">\n\t\t\t\t\t\t\t\t<div class=\"elementor-element elementor-element-609b7eed elementor-aspect-ratio-169 elementor-widget elementor-widget-video\" data-id=\"609b7eed\" data-element_type=\"widget\" data-settings=\"{&quot;youtube_url&quot;:&quot;https:\\\/\\\/youtu.be\\\/p39lnNYobEc&quot;,&quot;video_type&quot;:&quot;youtube&quot;,&quot;controls&quot;:&quot;yes&quot;,&quot;aspect_ratio&quot;:&quot;169&quot;}\" data-widget_type=\"video.default\">\n\t\t\t\t<div class=\"elementor-widget-container\">\n\t\t\t\t\t<div class=\"elementor-wrapper elementor-fit-aspect-ratio elementor-open-inline\">\n\t\t\t<div class=\"elementor-video\"><\/div>\t\t<\/div>\n\t\t\t\t<\/div>\n\t\t\t\t<\/div>\n\t\t\t\t\t<\/div>\n\t\t<\/div>\n\t\t\t\t\t\t\t<\/div>\n\t\t<\/section>\n\t\t\t\t\t<\/div>\n\t\t<\/div>\n\t\t\t\t\t\t\t<\/div>\n\t\t<\/section>\n\t\t\t\t\t\t<\/div>\n\t\t\t\t\t<\/div>\n\t\t","protected":false},"excerpt":{"rendered":"<p>\u00dcr\u00fcnleri daha detayl\u0131 incelemek i\u00e7in videolar\u0131 izleyebilirsiniz. https:\/\/youtu.be\/5822w8ZQUtIhttps:\/\/youtu.be\/p39lnNYobEc<\/p>\n","protected":false},"author":1,"featured_media":0,"parent":0,"menu_order":0,"comment_status":"closed","ping_status":"closed","template":"","meta":{"_joinchat":[],"footnotes":""},"class_list":["post-11126","page","type-page","status-publish","hentry"],"_links":{"self":[{"href":"https:\/\/nefesaudio.com\/fa\/wp-json\/wp\/v2\/pages\/11126","targetHints":{"allow":["GET"]}}],"collection":[{"href":"https:\/\/nefesaudio.com\/fa\/wp-json\/wp\/v2\/pages"}],"about":[{"href":"https:\/\/nefesaudio.com\/fa\/wp-json\/wp\/v2\/types\/page"}],"author":[{"embeddable":true,"href":"https:\/\/nefesaudio.com\/fa\/wp-json\/wp\/v2\/users\/1"}],"replies":[{"embeddable":true,"href":"https:\/\/nefesaudio.com\/fa\/wp-json\/wp\/v2\/comments?post=11126"}],"version-history":[{"count":7,"href":"https:\/\/nefesaudio.com\/fa\/wp-json\/wp\/v2\/pages\/11126\/revisions"}],"predecessor-version":[{"id":11362,"href":"https:\/\/nefesaudio.com\/fa\/wp-json\/wp\/v2\/pages\/11126\/revisions\/11362"}],"wp:attachment":[{"href":"https:\/\/nefesaudio.com\/fa\/wp-json\/wp\/v2\/media?parent=11126"}],"curies":[{"name":"wp","href":"https:\/\/api.w.org\/{rel}","templated":true}]}}