{"id":11385,"date":"2023-12-28T13:27:51","date_gmt":"2023-12-28T13:27:51","guid":{"rendered":"https:\/\/nefesaudio.com\/en\/?post_type=product&#038;p=11385"},"modified":"2024-08-12T16:56:19","modified_gmt":"2024-08-12T16:56:19","slug":"korg-256mb-ram","status":"publish","type":"product","link":"https:\/\/nefesaudio.com\/en\/product\/korg-256mb-ram\/","title":{"rendered":"KORG EXB 256MB RAM"},"content":{"rendered":"\t\t<div data-elementor-type=\"wp-post\" data-elementor-id=\"11385\" class=\"elementor elementor-11385\" data-elementor-settings=\"[]\">\n\t\t\t\t\t\t\t<div class=\"elementor-section-wrap\">\n\t\t\t\t\t\t\t<section class=\"elementor-section elementor-top-section elementor-element elementor-element-3232205 elementor-section-boxed elementor-section-height-default elementor-section-height-default wd-section-disabled\" data-id=\"3232205\" data-element_type=\"section\">\n\t\t\t\t\t\t<div class=\"elementor-container elementor-column-gap-default\">\n\t\t\t\t\t<div class=\"elementor-column elementor-col-100 elementor-top-column elementor-element elementor-element-eabfdc1\" data-id=\"eabfdc1\" data-element_type=\"column\">\n\t\t\t<div class=\"elementor-widget-wrap elementor-element-populated\">\n\t\t\t\t\t\t\t\t<div class=\"elementor-element elementor-element-a3fffaf text-center color-scheme-inherit elementor-widget elementor-widget-text-editor\" data-id=\"a3fffaf\" data-element_type=\"widget\" data-widget_type=\"text-editor.default\">\n\t\t\t\t<div class=\"elementor-widget-container\">\n\t\t\t\t\t\t\t<p>\ud83d\udd18 <span style=\"color: #000000;\"><strong>OR\u0130G\u0130NAL SAMSUNG CH\u0130PS<\/strong><\/span><\/p><p>* COMPATIBLE FOR PA800 &#8211; PA2X &#8211; PA3X &#8211; M3<\/p>\t\t\t\t\t\t<\/div>\n\t\t\t\t<\/div>\n\t\t\t\t\t<\/div>\n\t\t<\/div>\n\t\t\t\t\t\t\t<\/div>\n\t\t<\/section>\n\t\t\t\t\t\t<\/div>\n\t\t\t\t\t<\/div>\n\t\t","protected":false},"excerpt":{"rendered":"<p>\ud83d\udd18 OR\u0130G\u0130NAL SAMSUNG CH\u0130PS * COMPATIBLE FOR PA800 &#8211; PA2X &#8211; PA3X &#8211; M3<\/p>\n","protected":false},"featured_media":11440,"template":"","meta":{"_joinchat":[]},"product_cat":[124],"product_tag":[],"class_list":["post-11385","product","type-product","status-publish","has-post-thumbnail","hentry","product_cat-korg-parcalari"],"_links":{"self":[{"href":"https:\/\/nefesaudio.com\/en\/wp-json\/wp\/v2\/product\/11385","targetHints":{"allow":["GET"]}}],"collection":[{"href":"https:\/\/nefesaudio.com\/en\/wp-json\/wp\/v2\/product"}],"about":[{"href":"https:\/\/nefesaudio.com\/en\/wp-json\/wp\/v2\/types\/product"}],"version-history":[{"count":10,"href":"https:\/\/nefesaudio.com\/en\/wp-json\/wp\/v2\/product\/11385\/revisions"}],"predecessor-version":[{"id":12727,"href":"https:\/\/nefesaudio.com\/en\/wp-json\/wp\/v2\/product\/11385\/revisions\/12727"}],"wp:featuredmedia":[{"embeddable":true,"href":"https:\/\/nefesaudio.com\/en\/wp-json\/wp\/v2\/media\/11440"}],"wp:attachment":[{"href":"https:\/\/nefesaudio.com\/en\/wp-json\/wp\/v2\/media?parent=11385"}],"wp:term":[{"taxonomy":"product_cat","embeddable":true,"href":"https:\/\/nefesaudio.com\/en\/wp-json\/wp\/v2\/product_cat?post=11385"},{"taxonomy":"product_tag","embeddable":true,"href":"https:\/\/nefesaudio.com\/en\/wp-json\/wp\/v2\/product_tag?post=11385"}],"curies":[{"name":"wp","href":"https:\/\/api.w.org\/{rel}","templated":true}]}}