{"id":10847,"date":"2023-06-12T12:35:03","date_gmt":"2023-06-12T12:35:03","guid":{"rendered":"https:\/\/nefesaudio.com\/en\/?post_type=product&#038;p=10847"},"modified":"2026-02-02T08:43:02","modified_gmt":"2026-02-02T08:43:02","slug":"ribbon-breath-controller","status":"publish","type":"product","link":"https:\/\/nefesaudio.com\/en\/product\/ribbon-breath-controller\/","title":{"rendered":"R\u0130BBON | BREATH CONTROLLER"},"content":{"rendered":"\t\t<div data-elementor-type=\"wp-post\" data-elementor-id=\"10847\" class=\"elementor elementor-10847\" data-elementor-settings=\"[]\">\n\t\t\t\t\t\t\t<div class=\"elementor-section-wrap\">\n\t\t\t\t\t\t\t<section class=\"elementor-section elementor-top-section elementor-element elementor-element-8840004 elementor-section-boxed elementor-section-height-default elementor-section-height-default wd-section-disabled\" data-id=\"8840004\" data-element_type=\"section\">\n\t\t\t\t\t\t<div class=\"elementor-container elementor-column-gap-default\">\n\t\t\t\t\t<div class=\"elementor-column elementor-col-100 elementor-top-column elementor-element elementor-element-67ad5be\" data-id=\"67ad5be\" data-element_type=\"column\">\n\t\t\t<div class=\"elementor-widget-wrap elementor-element-populated\">\n\t\t\t\t\t\t\t\t<div class=\"elementor-element elementor-element-62e5fe2 wd-accordion-theme-style elementor-widget elementor-widget-accordion\" data-id=\"62e5fe2\" data-element_type=\"widget\" data-widget_type=\"accordion.default\">\n\t\t\t\t<div class=\"elementor-widget-container\">\n\t\t\t\t\t<div class=\"elementor-accordion\" role=\"tablist\">\n\t\t\t\t\t\t\t<div class=\"elementor-accordion-item\">\n\t\t\t\t\t<div id=\"elementor-tab-title-1031\" class=\"elementor-tab-title\" data-tab=\"1\" role=\"tab\" aria-controls=\"elementor-tab-content-1031\" aria-expanded=\"false\">\n\t\t\t\t\t\t\t\t\t\t\t\t\t<span class=\"elementor-accordion-icon elementor-accordion-icon-left\" aria-hidden=\"true\">\n\t\t\t\t\t\t\t\t\t\t\t\t\t\t\t<span class=\"elementor-accordion-icon-closed\"><i class=\"fas fa-plus\"><\/i><\/span>\n\t\t\t\t\t\t\t\t<span class=\"elementor-accordion-icon-opened\"><i class=\"fas fa-minus\"><\/i><\/span>\n\t\t\t\t\t\t\t\t\t\t\t\t\t\t<\/span>\n\t\t\t\t\t\t\t\t\t\t\t\t<a class=\"elementor-accordion-title\" href=\"\">GENERAL SPECIFICATIONS<\/a>\n\t\t\t\t\t<\/div>\n\t\t\t\t\t<div id=\"elementor-tab-content-1031\" class=\"elementor-tab-content elementor-clearfix\" data-tab=\"1\" role=\"tabpanel\" aria-labelledby=\"elementor-tab-title-1031\"><h4><span style=\"color: #0e8086;\"><strong>CONNECTION &amp; SUPPORT<\/strong><\/span><strong> :<\/strong><\/h4><ul><li><span style=\"color: #333333;\">IT WORKS WITH A STANDARD MIDI CONNECTION AND CONNECTS TO THE MIDI INPUT OF THE KEYBOARD. ALL DEVICES WITH MIDI INPUT ARE SUPPORTED.\u00a0<\/span><\/li><li><span style=\"color: #333333;\">IT CAN CONNECTS DIRECTLY TO THE COMPUTER WITHOUT ANY \u0130NTERFACE. IT IS DETECTED IN ALL MUSIC PRODUCTION APPLICATIONS AND CAN BE USED WITH MIDI KEYBOARDS WITHOUT MIDI INPUT.<\/span><\/li><li><span style=\"color: #333333;\">THE RIBBON UNIT IS CONNECTED TO THE KEYBOARD OR COMPUTER, TO USE IT WITH THE BREATH CONTROL DEVICE, IT IS ENOUGH TO PLUG THE HEADSET TO THE BREATH CONTROL \u0130NPUT ON THE RIBBON.<\/span><\/li><\/ul><h6><span style=\"color: #000000;\"><strong>( CUBASE &#8211; FL STUD\u0130O &#8211; STUD\u0130O ONE &#8230; )<\/strong><\/span><\/h6><h6><img loading=\"lazy\" decoding=\"async\" src=\"https:\/\/nefesaudio.com\/wp-content\/uploads\/2024\/08\/korg-400x138.png\" alt=\"\" width=\"43\" height=\"15\" \/><\/h6><p><img loading=\"lazy\" decoding=\"async\" src=\"https:\/\/nefesaudio.com\/wp-content\/uploads\/2024\/08\/YAMAHA-400x92.png\" alt=\"\" width=\"66\" height=\"15\" \/><\/p><p><img loading=\"lazy\" decoding=\"async\" src=\"https:\/\/nefesaudio.com\/wp-content\/uploads\/2024\/08\/ROLAND-e1722609462125-400x64.png\" alt=\"\" width=\"94\" height=\"15\" \/><\/p><h6><span style=\"color: #000000;\">AND OTHER BRANDS..<\/span><\/h6><h4><span style=\"color: #0e8086;\"><strong>POWER<\/strong><\/span><strong> :<\/strong><\/h4><ul><li><span style=\"color: #333333;\">IT IS POWERED BY 5 VOLT USB. IT CAN BE POWERED DIRECTLY FROM THE USB PORT OF THE KEYBOARDS.<\/span><\/li><\/ul><\/div>\n\t\t\t\t<\/div>\n\t\t\t\t\t\t\t<div class=\"elementor-accordion-item\">\n\t\t\t\t\t<div id=\"elementor-tab-title-1032\" class=\"elementor-tab-title\" data-tab=\"2\" role=\"tab\" aria-controls=\"elementor-tab-content-1032\" aria-expanded=\"false\">\n\t\t\t\t\t\t\t\t\t\t\t\t\t<span class=\"elementor-accordion-icon elementor-accordion-icon-left\" aria-hidden=\"true\">\n\t\t\t\t\t\t\t\t\t\t\t\t\t\t\t<span class=\"elementor-accordion-icon-closed\"><i class=\"fas fa-plus\"><\/i><\/span>\n\t\t\t\t\t\t\t\t<span class=\"elementor-accordion-icon-opened\"><i class=\"fas fa-minus\"><\/i><\/span>\n\t\t\t\t\t\t\t\t\t\t\t\t\t\t<\/span>\n\t\t\t\t\t\t\t\t\t\t\t\t<a class=\"elementor-accordion-title\" href=\"\">R\u0130BBON CONTROLLER <\/a>\n\t\t\t\t\t<\/div>\n\t\t\t\t\t<div id=\"elementor-tab-content-1032\" class=\"elementor-tab-content elementor-clearfix\" data-tab=\"2\" role=\"tabpanel\" aria-labelledby=\"elementor-tab-title-1032\"><h4><strong><span style=\"color: #0e8086;\">TECHNICIAL SPECIFICATIONS<\/span> :<\/strong><\/h4><ul><li><span style=\"color: #333333;\">IT WORKS AS AN INDEPENDENT UNIT; IT CAN BE USED ALONE OR WITH A BREATH CONTROLLER.<\/span><\/li><li><span style=\"color: #333333;\">A TOUCH SCREEN IS USED IN THE SENSOR SECTION, ITS SENSITIVITY IS QUITE HIGH AND IT RESPONSES WITH MINIMUM TOUCH WITHOUT THE NEED FOR PRESSURE.<\/span><\/li><li><span style=\"color: #333333;\">ITS PERFORMANCE IS FASTER THAN EXPECTED, WITH A POWERFUL PROCESSOR AND SOFTWARE, THE DELAY IS ZERO.<\/span><\/li><li><span style=\"color: #333333;\">EXCEPT OF THE NORMAL PITCH BEND FUNCTION, IT CAN ALSO CONTROL &#8221; VOLUME &#8211; VIBRATION &#8211; CUTOFF &#8221; VALUES.<\/span><\/li><\/ul><h4><span style=\"color: #0e8086;\"><strong>GENERAL\u00a0<\/strong><strong>SPECIFICATIONS<\/strong><\/span><strong>\u00a0:<\/strong><\/h4><ul><li><span style=\"color: #333333;\">A THIN STRUCTURE THAT CAN BE EASILY PLACED UNDER THE PITCH BEND JOYSTICK<\/span><\/li><li><span class=\"Y2IQFc\" lang=\"en\" style=\"color: #333333;\">A CONVENIENT DESIGN TO FIND THE MIDDLE POINT WITHOUT AFFECTING USAGE<\/span><\/li><li><span style=\"color: #333333;\">A SILICONE PAD THAT FIXES THE DEVICE INSTEAD OF DOUBLE SIDED ADHESIVE TAPE \u00a0<\/span><\/li><li><span style=\"color: #333333;\">EXTRA FLEXIBLE MIDI CABLE MADE WITH SILICONE MATERIAL AND MTEAL CONNECTORS<\/span><\/li><li><span style=\"color: #333333;\">TYPE-C USB CABLE FOR COMPUTER CONNECTION<\/span><\/li><\/ul><\/div>\n\t\t\t\t<\/div>\n\t\t\t\t\t\t\t<div class=\"elementor-accordion-item\">\n\t\t\t\t\t<div id=\"elementor-tab-title-1033\" class=\"elementor-tab-title\" data-tab=\"3\" role=\"tab\" aria-controls=\"elementor-tab-content-1033\" aria-expanded=\"false\">\n\t\t\t\t\t\t\t\t\t\t\t\t\t<span class=\"elementor-accordion-icon elementor-accordion-icon-left\" aria-hidden=\"true\">\n\t\t\t\t\t\t\t\t\t\t\t\t\t\t\t<span class=\"elementor-accordion-icon-closed\"><i class=\"fas fa-plus\"><\/i><\/span>\n\t\t\t\t\t\t\t\t<span class=\"elementor-accordion-icon-opened\"><i class=\"fas fa-minus\"><\/i><\/span>\n\t\t\t\t\t\t\t\t\t\t\t\t\t\t<\/span>\n\t\t\t\t\t\t\t\t\t\t\t\t<a class=\"elementor-accordion-title\" href=\"\">BREATH CONTROLLER<\/a>\n\t\t\t\t\t<\/div>\n\t\t\t\t\t<div id=\"elementor-tab-content-1033\" class=\"elementor-tab-content elementor-clearfix\" data-tab=\"3\" role=\"tabpanel\" aria-labelledby=\"elementor-tab-title-1033\"><h4><strong><span style=\"color: #0e8086;\">TECHNICIAL SPECIFICATIONS<\/span> :<\/strong><\/h4><ul><li><span style=\"color: #333333;\">THE HEADSET IS CONNECTED DIRECTLY TO THE KEYBOARD WITHOUT ANY BOX IN THE WAY.<\/span><\/li><li><span style=\"color: #333333;\">3 UPPER CONTROLS.<\/span><\/li><li><span style=\"color: #333333;\">SENSOR SENSITIVITY IS QUITE HIGH AND ADJUSTABLE WITH THE POTENTIOMETER ON THE DEVICE.<\/span><\/li><li><span style=\"color: #333333;\">WITH THE OFFSET POTENTIOMETER, THE MINIMUM SOUND VOLUME ( WITHOUT BLOWING ) \u0130S ADJUSTABLE.<\/span><\/li><li><span class=\"Y2IQFc\" lang=\"en\" style=\"color: #333333;\">DEVICE CAN BE EAS\u0130LY DEACT\u0130VATED BY BREATH\u0130NG.<\/span><\/li><li><span style=\"color: #333333;\">THE DEVICE IS AUTOMATICALLY CALIBRATED WHEN TURNED ON WITH AIR PRESSURE OF ENVIRONMENT; IT WORKS ERROR-FREE IN THE OUTDOOR.<\/span><\/li><\/ul><h4><span style=\"color: #0e8086;\"><strong>GENERAL SPECIFICATIONS<\/strong><\/span><strong> :<\/strong><\/h4><ul><li><span style=\"color: #333333;\">METAL STAINLESS FLEXIBLE PIPE<\/span><\/li><li><span style=\"color: #333333;\">METAL MIDI CONNECTOR<\/span><\/li><li><span style=\"color: #333333;\">EXTRA FLEXIBLE SILICONE CABLE<\/span><\/li><\/ul><\/div>\n\t\t\t\t<\/div>\n\t\t\t\t\t\t\t\t<\/div>\n\t\t\t\t<\/div>\n\t\t\t\t<\/div>\n\t\t\t\t<div class=\"elementor-element elementor-element-0e088bb elementor-widget elementor-widget-wd_button\" data-id=\"0e088bb\" data-element_type=\"widget\" data-widget_type=\"wd_button.default\">\n\t\t\t\t<div class=\"elementor-widget-container\">\n\t\t\t\t\t<div class=\"wd-button-wrapper text-center\" >\n\t\t\t<a class=\"btn btn-style-3d btn-shape-semi-round btn-size-default btn-color-default btn-icon-pos-right\"  href=\"https:\/\/nefesaudio.com\/en\/demo\/\">\n\t\t\t\t<span class=\"wd-btn-text\" data-elementor-setting-key=\"text\">\n\t\t\t\t\tWHATCH DEMO \t\t\t\t<\/span>\n\n\t\t\t\t\t\t\t<\/a>\n\t\t<\/div>\n\t\t\t\t<\/div>\n\t\t\t\t<\/div>\n\t\t\t\t\t<\/div>\n\t\t<\/div>\n\t\t\t\t\t\t\t<\/div>\n\t\t<\/section>\n\t\t\t\t\t\t<\/div>\n\t\t\t\t\t<\/div>\n\t\t","protected":false},"excerpt":{"rendered":"<h6><span style=\"color: #000000;\">*B\u00dcT\u00dcN KRED\u0130 KARTLARINA VADE FARKSIZ 3 TAKS\u0130T F\u0130RSATI<\/span><\/h6>\n","protected":false},"featured_media":11889,"template":"","meta":{"_joinchat":[]},"product_cat":[117],"product_tag":[],"class_list":["post-10847","product","type-product","status-publish","has-post-thumbnail","hentry","product_cat-nefes-audio"],"_links":{"self":[{"href":"https:\/\/nefesaudio.com\/en\/wp-json\/wp\/v2\/product\/10847","targetHints":{"allow":["GET"]}}],"collection":[{"href":"https:\/\/nefesaudio.com\/en\/wp-json\/wp\/v2\/product"}],"about":[{"href":"https:\/\/nefesaudio.com\/en\/wp-json\/wp\/v2\/types\/product"}],"version-history":[{"count":48,"href":"https:\/\/nefesaudio.com\/en\/wp-json\/wp\/v2\/product\/10847\/revisions"}],"predecessor-version":[{"id":12691,"href":"https:\/\/nefesaudio.com\/en\/wp-json\/wp\/v2\/product\/10847\/revisions\/12691"}],"wp:featuredmedia":[{"embeddable":true,"href":"https:\/\/nefesaudio.com\/en\/wp-json\/wp\/v2\/media\/11889"}],"wp:attachment":[{"href":"https:\/\/nefesaudio.com\/en\/wp-json\/wp\/v2\/media?parent=10847"}],"wp:term":[{"taxonomy":"product_cat","embeddable":true,"href":"https:\/\/nefesaudio.com\/en\/wp-json\/wp\/v2\/product_cat?post=10847"},{"taxonomy":"product_tag","embeddable":true,"href":"https:\/\/nefesaudio.com\/en\/wp-json\/wp\/v2\/product_tag?post=10847"}],"curies":[{"name":"wp","href":"https:\/\/api.w.org\/{rel}","templated":true}]}}