{"id":10841,"date":"2023-06-13T12:30:18","date_gmt":"2023-06-13T12:30:18","guid":{"rendered":"https:\/\/nefesaudio.com\/en\/?post_type=product&#038;p=10841"},"modified":"2026-02-11T10:44:07","modified_gmt":"2026-02-11T10:44:07","slug":"micro-breath-controller","status":"publish","type":"product","link":"https:\/\/nefesaudio.com\/en\/product\/micro-breath-controller\/","title":{"rendered":"M\u0130CRO BREATH CONTROLLER"},"content":{"rendered":"\t\t<div data-elementor-type=\"wp-post\" data-elementor-id=\"10841\" class=\"elementor elementor-10841\" data-elementor-settings=\"[]\">\n\t\t\t\t\t\t\t<div class=\"elementor-section-wrap\">\n\t\t\t\t\t\t\t<section class=\"elementor-section elementor-top-section elementor-element elementor-element-55faf7e elementor-section-boxed elementor-section-height-default elementor-section-height-default wd-section-disabled\" data-id=\"55faf7e\" data-element_type=\"section\">\n\t\t\t\t\t\t<div class=\"elementor-container elementor-column-gap-no\">\n\t\t\t\t\t<div class=\"elementor-column elementor-col-100 elementor-top-column elementor-element elementor-element-b0a472a\" data-id=\"b0a472a\" data-element_type=\"column\">\n\t\t\t<div class=\"elementor-widget-wrap elementor-element-populated\">\n\t\t\t\t\t\t\t\t<div class=\"elementor-element elementor-element-6dda9dd elementor-widget elementor-widget-wd_text_block\" data-id=\"6dda9dd\" data-element_type=\"widget\" data-widget_type=\"wd_text_block.default\">\n\t\t\t\t<div class=\"elementor-widget-container\">\n\t\t\t\t\t<div class=\"wd-text-block reset-last-child text-left\">\n\t\t\t\n\t\t\t<h4><strong><span style=\"color: #000000;\"><span style=\"color: #0e8086;\">TECHNICIAL SPECIFICATIONS<\/span> :<\/span><\/strong><\/h4><ul><li><span style=\"color: #333333;\">THE HEADSET IS CONNECTED DIRECTLY TO THE KEYBOARD WITHOUT ANY BOX IN THE WAY.<\/span><\/li><li><span style=\"color: #333333;\">3 UPPER CONTROLS.<\/span><\/li><li><span style=\"color: #333333;\">SENSOR SENSITIVITY IS QUITE HIGH AND ADJUSTABLE WITH THE POTENTIOMETER ON THE DEVICE.<\/span><\/li><li><span style=\"color: #333333;\">WITH THE OFFSET POTENTIOMETER, THE MINIMUM SOUND VOLUME ( WITHOUT BLOWING ) \u0130S ADJUSTABLE.<\/span><\/li><li><span class=\"Y2IQFc\" lang=\"en\" style=\"color: #333333;\">DEVICE CAN BE EAS\u0130LY DEACT\u0130VATED BY BREATH\u0130NG.<\/span><\/li><li><span style=\"color: #333333;\">THE DEVICE IS AUTOMATICALLY CALIBRATED WHEN TURNED ON WITH AIR PRESSURE OF ENVIRONMENT; IT WORKS ERROR-FREE IN THE OUTDOOR.<\/span><\/li><\/ul><h4><span style=\"color: #0e8086;\"><strong>GENERAL SPECIFICATIONS<\/strong><\/span><strong><span style=\"color: #0e8084;\"> <span style=\"color: #000000;\">:<\/span><\/span><\/strong><\/h4><ul><li><span style=\"color: #333333;\">METAL STAINLESS FLEXIBLE PIPE<\/span><\/li><li><span style=\"color: #333333;\">METAL MIDI CONNECTOR<\/span><\/li><li><span style=\"color: #333333;\">EXTRA FLEXIBLE SILICONE CABLE<\/span><\/li><\/ul><h4 style=\"text-align: left;\"><strong><span style=\"color: #000000;\"><span style=\"color: #0e8086;\">CONNECTION &amp; SUPPORT<\/span>\u00a0:<\/span><\/strong><\/h4><ul><li style=\"text-align: left;\"><span style=\"color: #333333;\">IT WORKS WITH A STANDARD MIDI CONNECTION AND CONNECTS TO THE MIDI INPUT OF THE KEYBOARD. ALL DEVICES WITH MIDI INPUT ARE SUPPORTED.\u00a0<\/span><\/li><\/ul><h6><img loading=\"lazy\" decoding=\"async\" class=\"alignnone\" style=\"text-align: center;\" src=\"https:\/\/nefesaudio.com\/wp-content\/uploads\/2024\/08\/korg-400x138.png\" alt=\"\" width=\"43\" height=\"15\" \/><\/h6><p><img loading=\"lazy\" decoding=\"async\" class=\"alignnone\" style=\"caret-color: #1b1919; color: #1b1919; font-size: 12px; font-weight: bold; text-align: center;\" src=\"https:\/\/nefesaudio.com\/wp-content\/uploads\/2024\/08\/YAMAHA-400x92.png\" alt=\"\" width=\"66\" height=\"15\" \/><\/p><p><img loading=\"lazy\" decoding=\"async\" class=\"alignleft\" style=\"caret-color: #1b1919; color: #1b1919; font-size: 12px; font-weight: bold; text-align: center;\" src=\"https:\/\/nefesaudio.com\/wp-content\/uploads\/2024\/08\/ROLAND-e1722609462125-400x64.png\" alt=\"\" width=\"94\" height=\"15\" \/><\/p><p>\u00a0<\/p><h6 style=\"text-align: left;\">AND OTHER BRANDS ...<\/h6><ul><li><span style=\"color: #333333;\">IT CAN BE CONNECTED TO A PC\/MAC W\u0130TH A MIDI-USB INTERFACE.<\/span><\/li><li style=\"text-align: left;\"><span style=\"color: #d60909;\">THERE \u0130S A DIRECT USB CONNECTION FEATURE!\u0130N THE SET VERSION\u00a0W\u0130TH RIBBON CONTROLLER.<\/span><\/li><\/ul><h4><span style=\"font-size: 18px; letter-spacing: 0.2px; color: #0e8084;\"><strong style=\"color: #1b1919;\"><span style=\"color: #1e8494;\"><span style=\"color: #0e8084;\">POWER<\/span><\/span><\/strong><span style=\"color: #000000;\"><strong> :<\/strong><\/span><br \/><\/span><\/h4><ul><li><span style=\"color: #333333;\">IT IS POWERED BY 5 VOLT USB. IT CAN BE POWERED DIRECTLY FROM THE USB PORT OF THE KEYBOARDS.<\/span><\/li><\/ul>\n\t\t\t\t\t<\/div>\n\t\t\t\t<\/div>\n\t\t\t\t<\/div>\n\t\t\t\t<div class=\"elementor-element elementor-element-749ef76 elementor-widget elementor-widget-wd_button\" data-id=\"749ef76\" data-element_type=\"widget\" data-widget_type=\"wd_button.default\">\n\t\t\t\t<div class=\"elementor-widget-container\">\n\t\t\t\t\t<div class=\"wd-button-wrapper text-center\" >\n\t\t\t<a class=\"btn btn-style-3d btn-shape-semi-round btn-size-default btn-color-default btn-icon-pos-right\"  href=\"https:\/\/nefesaudio.com\/en\/demo\/\">\n\t\t\t\t<span class=\"wd-btn-text\" data-elementor-setting-key=\"text\">\n\t\t\t\t\tWATCH DEMO\t\t\t\t<\/span>\n\n\t\t\t\t\t\t\t<\/a>\n\t\t<\/div>\n\t\t\t\t<\/div>\n\t\t\t\t<\/div>\n\t\t\t\t\t<\/div>\n\t\t<\/div>\n\t\t\t\t\t\t\t<\/div>\n\t\t<\/section>\n\t\t\t\t\t\t<\/div>\n\t\t\t\t\t<\/div>\n\t\t","protected":false},"excerpt":{"rendered":"<p>TECHNICIAL SPECIFICATIONS : THE HEADSET IS CONNECTED DIRECTLY TO THE KEYBOARD WITHOUT ANY BOX IN THE WAY. 3 UPPER CONTROLS.<\/p>\n","protected":false},"featured_media":11906,"template":"","meta":{"_joinchat":[]},"product_cat":[117],"product_tag":[],"class_list":["post-10841","product","type-product","status-publish","has-post-thumbnail","hentry","product_cat-nefes-audio"],"_links":{"self":[{"href":"https:\/\/nefesaudio.com\/en\/wp-json\/wp\/v2\/product\/10841","targetHints":{"allow":["GET"]}}],"collection":[{"href":"https:\/\/nefesaudio.com\/en\/wp-json\/wp\/v2\/product"}],"about":[{"href":"https:\/\/nefesaudio.com\/en\/wp-json\/wp\/v2\/types\/product"}],"version-history":[{"count":171,"href":"https:\/\/nefesaudio.com\/en\/wp-json\/wp\/v2\/product\/10841\/revisions"}],"predecessor-version":[{"id":12698,"href":"https:\/\/nefesaudio.com\/en\/wp-json\/wp\/v2\/product\/10841\/revisions\/12698"}],"wp:featuredmedia":[{"embeddable":true,"href":"https:\/\/nefesaudio.com\/en\/wp-json\/wp\/v2\/media\/11906"}],"wp:attachment":[{"href":"https:\/\/nefesaudio.com\/en\/wp-json\/wp\/v2\/media?parent=10841"}],"wp:term":[{"taxonomy":"product_cat","embeddable":true,"href":"https:\/\/nefesaudio.com\/en\/wp-json\/wp\/v2\/product_cat?post=10841"},{"taxonomy":"product_tag","embeddable":true,"href":"https:\/\/nefesaudio.com\/en\/wp-json\/wp\/v2\/product_tag?post=10841"}],"curies":[{"name":"wp","href":"https:\/\/api.w.org\/{rel}","templated":true}]}}