{"id":12485,"date":"2024-07-26T00:22:17","date_gmt":"2024-07-26T00:22:17","guid":{"rendered":"https:\/\/nefesaudio.com\/en\/?page_id=12485"},"modified":"2024-08-12T16:35:06","modified_gmt":"2024-08-12T16:35:06","slug":"nefes-audio","status":"publish","type":"page","link":"https:\/\/nefesaudio.com\/en\/nefes-audio\/","title":{"rendered":"Nefes Audio"},"content":{"rendered":"\t\t<div data-elementor-type=\"wp-page\" data-elementor-id=\"12485\" class=\"elementor elementor-12485\" data-elementor-settings=\"[]\">\n\t\t\t\t\t\t\t<div class=\"elementor-section-wrap\">\n\t\t\t\t\t\t\t<section class=\"elementor-section elementor-top-section elementor-element elementor-element-1fafda0 elementor-section-full_width elementor-section-height-default elementor-section-height-default wd-section-disabled\" data-id=\"1fafda0\" data-element_type=\"section\">\n\t\t\t\t\t\t<div class=\"elementor-container elementor-column-gap-extended\">\n\t\t\t\t\t<div class=\"elementor-column elementor-col-100 elementor-top-column elementor-element elementor-element-ca03d71\" data-id=\"ca03d71\" data-element_type=\"column\">\n\t\t\t<div class=\"elementor-widget-wrap elementor-element-populated\">\n\t\t\t\t\t\t\t\t<div class=\"elementor-element elementor-element-76a6b2f elementor-icon-list--layout-inline elementor-align-center elementor-mobile-align-center elementor-list-item-link-full_width elementor-widget elementor-widget-icon-list\" data-id=\"76a6b2f\" data-element_type=\"widget\" data-widget_type=\"icon-list.default\">\n\t\t\t\t<div class=\"elementor-widget-container\">\n\t\t\t\t\t<ul class=\"elementor-icon-list-items elementor-inline-items\">\n\t\t\t\t\t\t\t<li class=\"elementor-icon-list-item elementor-inline-item\">\n\t\t\t\t\t\t\t\t\t\t\t<span class=\"elementor-icon-list-icon\">\n\t\t\t\t\t\t\t<i aria-hidden=\"true\" class=\"fas fa-plane\"><\/i>\t\t\t\t\t\t<\/span>\n\t\t\t\t\t\t\t\t\t\t<span class=\"elementor-icon-list-text\"> WORLDW\u0130DE SH\u0130PP\u0130NG<\/span>\n\t\t\t\t\t\t\t\t\t<\/li>\n\t\t\t\t\t\t\t\t<li class=\"elementor-icon-list-item elementor-inline-item\">\n\t\t\t\t\t\t\t\t\t\t\t<span class=\"elementor-icon-list-icon\">\n\t\t\t\t\t\t\t<i aria-hidden=\"true\" class=\"fas fa-award\"><\/i>\t\t\t\t\t\t<\/span>\n\t\t\t\t\t\t\t\t\t\t<span class=\"elementor-icon-list-text\">2 YEARS GUARANTEE<\/span>\n\t\t\t\t\t\t\t\t\t<\/li>\n\t\t\t\t\t\t\t\t<li class=\"elementor-icon-list-item elementor-inline-item\">\n\t\t\t\t\t\t\t\t\t\t\t<span class=\"elementor-icon-list-icon\">\n\t\t\t\t\t\t\t<i aria-hidden=\"true\" class=\"far fa-credit-card\"><\/i>\t\t\t\t\t\t<\/span>\n\t\t\t\t\t\t\t\t\t\t<span class=\"elementor-icon-list-text\">EASY AND SECURE PAYMENT <\/span>\n\t\t\t\t\t\t\t\t\t<\/li>\n\t\t\t\t\t\t<\/ul>\n\t\t\t\t<\/div>\n\t\t\t\t<\/div>\n\t\t\t\t\t<\/div>\n\t\t<\/div>\n\t\t\t\t\t\t\t<\/div>\n\t\t<\/section>\n\t\t\t\t<section class=\"elementor-section elementor-top-section elementor-element elementor-element-0289b38 elementor-section-full_width elementor-section-height-min-height elementor-section-content-top elementor-section-height-default elementor-section-items-middle wd-section-disabled\" data-id=\"0289b38\" data-element_type=\"section\">\n\t\t\t\t\t\t<div class=\"elementor-container elementor-column-gap-wide\">\n\t\t\t\t\t<div class=\"elementor-column elementor-col-100 elementor-top-column elementor-element elementor-element-2599e7b\" data-id=\"2599e7b\" data-element_type=\"column\" data-settings=\"{&quot;background_background&quot;:&quot;gradient&quot;}\">\n\t\t\t<div class=\"elementor-widget-wrap elementor-element-populated\">\n\t\t\t\t\t\t\t\t<div class=\"elementor-element elementor-element-cb3461d elementor-widget elementor-widget-wd_products_tabs\" data-id=\"cb3461d\" data-element_type=\"widget\" data-widget_type=\"wd_products_tabs.default\">\n\t\t\t\t<div class=\"elementor-widget-container\">\n\t\t\t\t\t<div class=\"wd-products-tabs tabs-design-default\">\n\t\t\t<div class=\"wd-tabs-header text-center\">\n\t\t\t\t<div class=\"wd-tabs-loader\"><span class=\"wd-loader\"><\/span><\/div>\n\n\t\t\t\t\n\t\t\t\t<div class=\"tabs-navigation-wrapper\">\n\t\t\t\t\t<span class=\"open-title-menu\">\n\t\t\t\t\t\t\t\t\t\t\t<\/span>\n\n\t\t\t\t\t<ul class=\"products-tabs-title\">\n\t\t\t\t\t\t\t\t\t\t\t\t\t\n\t\t\t\t\t\t\t<li data-atts=\"{&quot;layout&quot;:&quot;grid&quot;,&quot;pagination&quot;:&quot;&quot;,&quot;items_per_page&quot;:12,&quot;spacing&quot;:&quot;30&quot;,&quot;columns&quot;:{&quot;unit&quot;:&quot;px&quot;,&quot;size&quot;:3,&quot;sizes&quot;:[]},&quot;products_masonry&quot;:&quot;&quot;,&quot;products_different_sizes&quot;:&quot;&quot;,&quot;product_quantity&quot;:null,&quot;product_hover&quot;:&quot;inherit&quot;,&quot;sale_countdown&quot;:&quot;0&quot;,&quot;stock_progress_bar&quot;:&quot;&quot;,&quot;highlighted_products&quot;:&quot;&quot;,&quot;products_bordered_grid&quot;:&quot;&quot;,&quot;img_size&quot;:&quot;large&quot;,&quot;elementor&quot;:true,&quot;slides_per_view&quot;:null,&quot;scroll_per_page&quot;:null,&quot;hide_pagination_control&quot;:null,&quot;hide_prev_next_buttons&quot;:null,&quot;center_mode&quot;:null,&quot;wrap&quot;:null,&quot;autoplay&quot;:null,&quot;speed&quot;:null,&quot;lazy_loading&quot;:&quot;no&quot;,&quot;taxonomies&quot;:[&quot;117&quot;],&quot;post_type&quot;:&quot;product&quot;,&quot;include&quot;:null,&quot;orderby&quot;:&quot;&quot;,&quot;offset&quot;:&quot;&quot;,&quot;query_type&quot;:&quot;OR&quot;,&quot;order&quot;:&quot;&quot;,&quot;meta_key&quot;:null,&quot;exclude&quot;:&quot;&quot;}\" class=\" active-tab-title\">\n\t\t\t\t\t\t\t\t\n\t\t\t\t\t\t\t\t<span class=\"tab-label\">\n\t\t\t\t\t\t\t\t\t\t\t\t\t\t\t\t\t<\/span>\n\t\t\t\t\t\t\t<\/li>\n\t\t\t\t\t\t\t\t\t\t\t<\/ul>\n\t\t\t\t<\/div>\n\t\t\t<\/div>\n\n\t\t\t\t\t\t\t\t\t\t\t\t<div class=\"wd-tab-content\">\n\t\t\n\t\t\t\t\t\t\t<div class=\"wd-products-element\">\n\t\t\t\n\t\t\t\n\t\t\t<div class=\"products elements-grid align-items-start row wd-products-holder pagination- wd-spacing-30 grid-columns-3\" data-paged=\"1\" data-atts=\"{&quot;element_title&quot;:&quot;&quot;,&quot;post_type&quot;:&quot;product&quot;,&quot;include&quot;:null,&quot;taxonomies&quot;:[&quot;117&quot;],&quot;offset&quot;:&quot;&quot;,&quot;orderby&quot;:&quot;&quot;,&quot;query_type&quot;:&quot;OR&quot;,&quot;order&quot;:&quot;&quot;,&quot;meta_key&quot;:null,&quot;exclude&quot;:&quot;&quot;,&quot;shop_tools&quot;:&quot;0&quot;,&quot;speed&quot;:null,&quot;slides_per_view&quot;:null,&quot;wrap&quot;:null,&quot;autoplay&quot;:null,&quot;center_mode&quot;:null,&quot;hide_pagination_control&quot;:null,&quot;hide_prev_next_buttons&quot;:null,&quot;scroll_per_page&quot;:null,&quot;carousel_js_inline&quot;:&quot;yes&quot;,&quot;layout&quot;:&quot;grid&quot;,&quot;pagination&quot;:&quot;&quot;,&quot;items_per_page&quot;:12,&quot;spacing&quot;:&quot;30&quot;,&quot;columns&quot;:{&quot;unit&quot;:&quot;px&quot;,&quot;size&quot;:3,&quot;sizes&quot;:[]},&quot;products_masonry&quot;:&quot;&quot;,&quot;products_different_sizes&quot;:&quot;&quot;,&quot;product_quantity&quot;:null,&quot;product_hover&quot;:&quot;inherit&quot;,&quot;sale_countdown&quot;:&quot;0&quot;,&quot;stock_progress_bar&quot;:&quot;&quot;,&quot;highlighted_products&quot;:&quot;&quot;,&quot;products_bordered_grid&quot;:&quot;&quot;,&quot;img_size&quot;:&quot;large&quot;,&quot;ajax_page&quot;:&quot;&quot;,&quot;force_not_ajax&quot;:&quot;no&quot;,&quot;lazy_loading&quot;:&quot;no&quot;,&quot;scroll_carousel_init&quot;:&quot;no&quot;,&quot;custom_sizes&quot;:false,&quot;elementor&quot;:true}\" data-source=\"shortcode\" data-columns=\"3\">\n\t\t\n\t\t\n\t\t\t\t\t\t\t\t<div class=\"product-grid-item wd-with-labels product wd-hover-quick  col-md-4 col-6 first  type-product post-12831 status-publish instock product_cat-nefes-audio has-post-thumbnail sale shipping-taxable purchasable product-type-simple\" data-loop=\"1\" data-id=\"12831\">\n\n\t\n<div class=\"product-element-top\">\n\t<a href=\"https:\/\/nefesaudio.com\/en\/product\/midiusb-breath-controller\/\" class=\"product-image-link\">\n\t\t<img loading=\"lazy\" decoding=\"async\" width=\"954\" height=\"800\" src=\"https:\/\/nefesaudio.com\/en\/wp-content\/uploads\/2025\/07\/IMG_1861-954x800.jpeg\" class=\"attachment-large size-large\" alt=\"\" srcset=\"https:\/\/nefesaudio.com\/en\/wp-content\/uploads\/2025\/07\/IMG_1861-954x800.jpeg 954w, https:\/\/nefesaudio.com\/en\/wp-content\/uploads\/2025\/07\/IMG_1861-358x300.jpeg 358w, https:\/\/nefesaudio.com\/en\/wp-content\/uploads\/2025\/07\/IMG_1861-768x644.jpeg 768w, https:\/\/nefesaudio.com\/en\/wp-content\/uploads\/2025\/07\/IMG_1861-860x721.jpeg 860w, https:\/\/nefesaudio.com\/en\/wp-content\/uploads\/2025\/07\/IMG_1861-430x361.jpeg 430w, https:\/\/nefesaudio.com\/en\/wp-content\/uploads\/2025\/07\/IMG_1861-700x587.jpeg 700w, https:\/\/nefesaudio.com\/en\/wp-content\/uploads\/2025\/07\/IMG_1861-150x126.jpeg 150w, https:\/\/nefesaudio.com\/en\/wp-content\/uploads\/2025\/07\/IMG_1861.jpeg 1320w\" sizes=\"auto, (max-width: 954px) 100vw, 954px\" \/>\t<\/a>\n\t\t<div class=\"wd-buttons wd-pos-r-t\">\n\t\t\t\t\t\t\t\t\t<\/div>\n\n\t<div class=\"wd-add-btn wd-add-btn-replace\">\n\t\t\n\t\t\t<\/div>\n\t\t\t\t<div class=\"quick-shop-wrapper wd-fill wd-scroll\">\n\t\t\t\t<div class=\"quick-shop-close wd-action-btn wd-style-text wd-cross-icon\"><a href=\"#\" rel=\"nofollow noopener\">Close<\/a><\/div>\n\t\t\t\t<div class=\"quick-shop-form wd-scroll-content\">\n\t\t\t\t<\/div>\n\t\t\t<\/div>\n\t\t<\/div>\n\n\n\n\n\n<\/div>\t\t\t\t\t\t\t\t<div class=\"product-grid-item wd-with-labels product wd-hover-quick  col-md-4 col-6 type-product post-10847 status-publish instock product_cat-nefes-audio has-post-thumbnail sale shipping-taxable purchasable product-type-simple\" data-loop=\"2\" data-id=\"10847\">\n\n\t\n<div class=\"product-element-top\">\n\t<a href=\"https:\/\/nefesaudio.com\/en\/product\/ribbon-breath-controller\/\" class=\"product-image-link\">\n\t\t<img loading=\"lazy\" decoding=\"async\" width=\"1000\" height=\"800\" src=\"https:\/\/nefesaudio.com\/en\/wp-content\/uploads\/2023\/06\/46-1000x800.jpg\" class=\"attachment-large size-large\" alt=\"\" srcset=\"https:\/\/nefesaudio.com\/en\/wp-content\/uploads\/2023\/06\/46-1000x800.jpg 1000w, https:\/\/nefesaudio.com\/en\/wp-content\/uploads\/2023\/06\/46-375x300.jpg 375w, https:\/\/nefesaudio.com\/en\/wp-content\/uploads\/2023\/06\/46-768x614.jpg 768w, https:\/\/nefesaudio.com\/en\/wp-content\/uploads\/2023\/06\/46-1536x1229.jpg 1536w, https:\/\/nefesaudio.com\/en\/wp-content\/uploads\/2023\/06\/46-860x688.jpg 860w, https:\/\/nefesaudio.com\/en\/wp-content\/uploads\/2023\/06\/46-430x344.jpg 430w, https:\/\/nefesaudio.com\/en\/wp-content\/uploads\/2023\/06\/46-700x560.jpg 700w, https:\/\/nefesaudio.com\/en\/wp-content\/uploads\/2023\/06\/46-150x120.jpg 150w, https:\/\/nefesaudio.com\/en\/wp-content\/uploads\/2023\/06\/46.jpg 1836w\" sizes=\"auto, (max-width: 1000px) 100vw, 1000px\" \/>\t<\/a>\n\t\t\t\t<div class=\"hover-img\">\n\t\t\t\t<a href=\"https:\/\/nefesaudio.com\/en\/product\/ribbon-breath-controller\/\">\n\t\t\t\t\t<img loading=\"lazy\" decoding=\"async\" width=\"1162\" height=\"800\" src=\"https:\/\/nefesaudio.com\/en\/wp-content\/uploads\/2023\/06\/IMG_9369-1162x800.jpg\" class=\"attachment-large size-large\" alt=\"\" srcset=\"https:\/\/nefesaudio.com\/en\/wp-content\/uploads\/2023\/06\/IMG_9369-1162x800.jpg 1162w, https:\/\/nefesaudio.com\/en\/wp-content\/uploads\/2023\/06\/IMG_9369-400x275.jpg 400w, https:\/\/nefesaudio.com\/en\/wp-content\/uploads\/2023\/06\/IMG_9369-768x529.jpg 768w, https:\/\/nefesaudio.com\/en\/wp-content\/uploads\/2023\/06\/IMG_9369-1536x1057.jpg 1536w, https:\/\/nefesaudio.com\/en\/wp-content\/uploads\/2023\/06\/IMG_9369-2048x1410.jpg 2048w, https:\/\/nefesaudio.com\/en\/wp-content\/uploads\/2023\/06\/IMG_9369-860x592.jpg 860w, https:\/\/nefesaudio.com\/en\/wp-content\/uploads\/2023\/06\/IMG_9369-430x296.jpg 430w, https:\/\/nefesaudio.com\/en\/wp-content\/uploads\/2023\/06\/IMG_9369-700x482.jpg 700w, https:\/\/nefesaudio.com\/en\/wp-content\/uploads\/2023\/06\/IMG_9369-150x103.jpg 150w\" sizes=\"auto, (max-width: 1162px) 100vw, 1162px\" \/>\t\t\t\t<\/a>\n\t\t\t<\/div>\n\t\t\t\t<div class=\"wd-buttons wd-pos-r-t\">\n\t\t\t\t\t\t\t\t\t<\/div>\n\n\t<div class=\"wd-add-btn wd-add-btn-replace\">\n\t\t\n\t\t\t<\/div>\n\t\t\t\t<div class=\"quick-shop-wrapper wd-fill wd-scroll\">\n\t\t\t\t<div class=\"quick-shop-close wd-action-btn wd-style-text wd-cross-icon\"><a href=\"#\" rel=\"nofollow noopener\">Close<\/a><\/div>\n\t\t\t\t<div class=\"quick-shop-form wd-scroll-content\">\n\t\t\t\t<\/div>\n\t\t\t<\/div>\n\t\t<\/div>\n\n\n\n\n\n<\/div>\t\t\t\t\t\t\t\t<div class=\"product-grid-item wd-with-labels product wd-hover-quick  col-md-4 col-6 last  type-product post-10841 status-publish last instock product_cat-nefes-audio has-post-thumbnail sale shipping-taxable purchasable product-type-simple\" data-loop=\"3\" data-id=\"10841\">\n\n\t\n<div class=\"product-element-top\">\n\t<a href=\"https:\/\/nefesaudio.com\/en\/product\/micro-breath-controller\/\" class=\"product-image-link\">\n\t\t<img loading=\"lazy\" decoding=\"async\" width=\"1000\" height=\"800\" src=\"https:\/\/nefesaudio.com\/en\/wp-content\/uploads\/2023\/06\/IMG_9482-1000x800.jpg\" class=\"attachment-large size-large\" alt=\"\" srcset=\"https:\/\/nefesaudio.com\/en\/wp-content\/uploads\/2023\/06\/IMG_9482-1000x800.jpg 1000w, https:\/\/nefesaudio.com\/en\/wp-content\/uploads\/2023\/06\/IMG_9482-375x300.jpg 375w, https:\/\/nefesaudio.com\/en\/wp-content\/uploads\/2023\/06\/IMG_9482-768x614.jpg 768w, https:\/\/nefesaudio.com\/en\/wp-content\/uploads\/2023\/06\/IMG_9482-1536x1229.jpg 1536w, https:\/\/nefesaudio.com\/en\/wp-content\/uploads\/2023\/06\/IMG_9482-2048x1638.jpg 2048w, https:\/\/nefesaudio.com\/en\/wp-content\/uploads\/2023\/06\/IMG_9482-860x688.jpg 860w, https:\/\/nefesaudio.com\/en\/wp-content\/uploads\/2023\/06\/IMG_9482-430x344.jpg 430w, https:\/\/nefesaudio.com\/en\/wp-content\/uploads\/2023\/06\/IMG_9482-700x560.jpg 700w, https:\/\/nefesaudio.com\/en\/wp-content\/uploads\/2023\/06\/IMG_9482-150x120.jpg 150w\" sizes=\"auto, (max-width: 1000px) 100vw, 1000px\" \/>\t<\/a>\n\t\t\t\t<div class=\"hover-img\">\n\t\t\t\t<a href=\"https:\/\/nefesaudio.com\/en\/product\/micro-breath-controller\/\">\n\t\t\t\t\t<img loading=\"lazy\" decoding=\"async\" width=\"1000\" height=\"800\" src=\"https:\/\/nefesaudio.com\/en\/wp-content\/uploads\/2023\/06\/IMG_9484-1000x800.jpg\" class=\"attachment-large size-large\" alt=\"\" srcset=\"https:\/\/nefesaudio.com\/en\/wp-content\/uploads\/2023\/06\/IMG_9484-1000x800.jpg 1000w, https:\/\/nefesaudio.com\/en\/wp-content\/uploads\/2023\/06\/IMG_9484-375x300.jpg 375w, https:\/\/nefesaudio.com\/en\/wp-content\/uploads\/2023\/06\/IMG_9484-768x614.jpg 768w, https:\/\/nefesaudio.com\/en\/wp-content\/uploads\/2023\/06\/IMG_9484-1536x1229.jpg 1536w, https:\/\/nefesaudio.com\/en\/wp-content\/uploads\/2023\/06\/IMG_9484-2048x1638.jpg 2048w, https:\/\/nefesaudio.com\/en\/wp-content\/uploads\/2023\/06\/IMG_9484-860x688.jpg 860w, https:\/\/nefesaudio.com\/en\/wp-content\/uploads\/2023\/06\/IMG_9484-430x344.jpg 430w, https:\/\/nefesaudio.com\/en\/wp-content\/uploads\/2023\/06\/IMG_9484-700x560.jpg 700w, https:\/\/nefesaudio.com\/en\/wp-content\/uploads\/2023\/06\/IMG_9484-150x120.jpg 150w\" sizes=\"auto, (max-width: 1000px) 100vw, 1000px\" \/>\t\t\t\t<\/a>\n\t\t\t<\/div>\n\t\t\t\t<div class=\"wd-buttons wd-pos-r-t\">\n\t\t\t\t\t\t\t\t\t<\/div>\n\n\t<div class=\"wd-add-btn wd-add-btn-replace\">\n\t\t\n\t\t\t<\/div>\n\t\t\t\t<div class=\"quick-shop-wrapper wd-fill wd-scroll\">\n\t\t\t\t<div class=\"quick-shop-close wd-action-btn wd-style-text wd-cross-icon\"><a href=\"#\" rel=\"nofollow noopener\">Close<\/a><\/div>\n\t\t\t\t<div class=\"quick-shop-form wd-scroll-content\">\n\t\t\t\t<\/div>\n\t\t\t<\/div>\n\t\t<\/div>\n\n\n\n\n\n<\/div>\t\t\t\t\t\t\t\t<div class=\"product-grid-item product wd-hover-quick  col-md-4 col-6 first  type-product post-10843 status-publish first instock product_cat-nefes-audio has-post-thumbnail shipping-taxable purchasable product-type-simple\" data-loop=\"4\" data-id=\"10843\">\n\n\t\n<div class=\"product-element-top\">\n\t<a href=\"https:\/\/nefesaudio.com\/en\/product\/midi-usb-ribbon-controller\/\" class=\"product-image-link\">\n\t\t<img loading=\"lazy\" decoding=\"async\" width=\"999\" height=\"800\" src=\"https:\/\/nefesaudio.com\/en\/wp-content\/uploads\/2023\/06\/IMG_9471-1-999x800.jpg\" class=\"attachment-large size-large\" alt=\"\" srcset=\"https:\/\/nefesaudio.com\/en\/wp-content\/uploads\/2023\/06\/IMG_9471-1-999x800.jpg 999w, https:\/\/nefesaudio.com\/en\/wp-content\/uploads\/2023\/06\/IMG_9471-1-375x300.jpg 375w, https:\/\/nefesaudio.com\/en\/wp-content\/uploads\/2023\/06\/IMG_9471-1-768x615.jpg 768w, https:\/\/nefesaudio.com\/en\/wp-content\/uploads\/2023\/06\/IMG_9471-1-1536x1230.jpg 1536w, https:\/\/nefesaudio.com\/en\/wp-content\/uploads\/2023\/06\/IMG_9471-1-860x689.jpg 860w, https:\/\/nefesaudio.com\/en\/wp-content\/uploads\/2023\/06\/IMG_9471-1-430x344.jpg 430w, https:\/\/nefesaudio.com\/en\/wp-content\/uploads\/2023\/06\/IMG_9471-1-700x561.jpg 700w, https:\/\/nefesaudio.com\/en\/wp-content\/uploads\/2023\/06\/IMG_9471-1-150x120.jpg 150w, https:\/\/nefesaudio.com\/en\/wp-content\/uploads\/2023\/06\/IMG_9471-1.jpg 1568w\" sizes=\"auto, (max-width: 999px) 100vw, 999px\" \/>\t<\/a>\n\t\t\t\t<div class=\"hover-img\">\n\t\t\t\t<a href=\"https:\/\/nefesaudio.com\/en\/product\/midi-usb-ribbon-controller\/\">\n\t\t\t\t\t<img loading=\"lazy\" decoding=\"async\" width=\"1000\" height=\"800\" src=\"https:\/\/nefesaudio.com\/en\/wp-content\/uploads\/2023\/06\/IMG_9465-1000x800.jpg\" class=\"attachment-large size-large\" alt=\"\" srcset=\"https:\/\/nefesaudio.com\/en\/wp-content\/uploads\/2023\/06\/IMG_9465-1000x800.jpg 1000w, https:\/\/nefesaudio.com\/en\/wp-content\/uploads\/2023\/06\/IMG_9465-375x300.jpg 375w, https:\/\/nefesaudio.com\/en\/wp-content\/uploads\/2023\/06\/IMG_9465-768x614.jpg 768w, https:\/\/nefesaudio.com\/en\/wp-content\/uploads\/2023\/06\/IMG_9465-1536x1229.jpg 1536w, https:\/\/nefesaudio.com\/en\/wp-content\/uploads\/2023\/06\/IMG_9465-860x688.jpg 860w, https:\/\/nefesaudio.com\/en\/wp-content\/uploads\/2023\/06\/IMG_9465-430x344.jpg 430w, https:\/\/nefesaudio.com\/en\/wp-content\/uploads\/2023\/06\/IMG_9465-700x560.jpg 700w, https:\/\/nefesaudio.com\/en\/wp-content\/uploads\/2023\/06\/IMG_9465-150x120.jpg 150w, https:\/\/nefesaudio.com\/en\/wp-content\/uploads\/2023\/06\/IMG_9465.jpg 1961w\" sizes=\"auto, (max-width: 1000px) 100vw, 1000px\" \/>\t\t\t\t<\/a>\n\t\t\t<\/div>\n\t\t\t\t<div class=\"wd-buttons wd-pos-r-t\">\n\t\t\t\t\t\t\t\t\t<\/div>\n\n\t<div class=\"wd-add-btn wd-add-btn-replace\">\n\t\t\n\t\t\t<\/div>\n\t\t\t\t<div class=\"quick-shop-wrapper wd-fill wd-scroll\">\n\t\t\t\t<div class=\"quick-shop-close wd-action-btn wd-style-text wd-cross-icon\"><a href=\"#\" rel=\"nofollow noopener\">Close<\/a><\/div>\n\t\t\t\t<div class=\"quick-shop-form wd-scroll-content\">\n\t\t\t\t<\/div>\n\t\t\t<\/div>\n\t\t<\/div>\n\n\n\n\n\n<\/div>\t\t\n\t\t\t\t<\/div>\n\t\n\t\t\n\t\t\n\t\t\t\t\t<\/div>\n\t\t\n\t\t\n\t\t\t\t\t<\/div>\n\t\t\t\t\t\t\t\t\t<\/div>\n\t\t\t\t<\/div>\n\t\t\t\t<\/div>\n\t\t\t\t\t<\/div>\n\t\t<\/div>\n\t\t\t\t\t\t\t<\/div>\n\t\t<\/section>\n\t\t\t\t\t\t<\/div>\n\t\t\t\t\t<\/div>\n\t\t","protected":false},"excerpt":{"rendered":"<p>WORLDW\u0130DE SH\u0130PP\u0130NG 2 YEARS GUARANTEE EASY AND SECURE PAYMENT Array<\/p>\n","protected":false},"author":1,"featured_media":0,"parent":0,"menu_order":0,"comment_status":"closed","ping_status":"closed","template":"","meta":{"_joinchat":[],"footnotes":""},"class_list":["post-12485","page","type-page","status-publish","hentry"],"_links":{"self":[{"href":"https:\/\/nefesaudio.com\/en\/wp-json\/wp\/v2\/pages\/12485","targetHints":{"allow":["GET"]}}],"collection":[{"href":"https:\/\/nefesaudio.com\/en\/wp-json\/wp\/v2\/pages"}],"about":[{"href":"https:\/\/nefesaudio.com\/en\/wp-json\/wp\/v2\/types\/page"}],"author":[{"embeddable":true,"href":"https:\/\/nefesaudio.com\/en\/wp-json\/wp\/v2\/users\/1"}],"replies":[{"embeddable":true,"href":"https:\/\/nefesaudio.com\/en\/wp-json\/wp\/v2\/comments?post=12485"}],"version-history":[{"count":17,"href":"https:\/\/nefesaudio.com\/en\/wp-json\/wp\/v2\/pages\/12485\/revisions"}],"predecessor-version":[{"id":12714,"href":"https:\/\/nefesaudio.com\/en\/wp-json\/wp\/v2\/pages\/12485\/revisions\/12714"}],"wp:attachment":[{"href":"https:\/\/nefesaudio.com\/en\/wp-json\/wp\/v2\/media?parent=12485"}],"curies":[{"name":"wp","href":"https:\/\/api.w.org\/{rel}","templated":true}]}}