{"id":10890,"date":"2023-06-13T13:23:21","date_gmt":"2023-06-13T13:23:21","guid":{"rendered":"https:\/\/nefesaudio.com\/en\/?page_id=10890"},"modified":"2024-07-29T14:45:22","modified_gmt":"2024-07-29T14:45:22","slug":"cancellation-refund-conditions","status":"publish","type":"page","link":"https:\/\/nefesaudio.com\/en\/cancellation-refund-conditions\/","title":{"rendered":"Cancellation Refund Conditions"},"content":{"rendered":"<p><strong>T\u00dcKET\u0130C\u0130 HAKLARI \u2013 CAYMA \u2013 \u0130PTAL \u0130ADE KO\u015eULLARI<\/strong><\/p>\n<p>&nbsp;<\/p>\n<p><strong>GENEL:<\/strong><\/p>\n<ol>\n<li>Kullanmakta oldu\u011funuz web sitesi \u00fczerinden elektronik ortamda sipari\u015f verdi\u011finiz takdirde, size sunulan \u00f6n bilgilendirme formunu ve mesafeli sat\u0131\u015f s\u00f6zle\u015fmesini kabul etmi\u015f say\u0131l\u0131rs\u0131n\u0131z.<\/li>\n<li>Al\u0131c\u0131lar, sat\u0131n ald\u0131klar\u0131 \u00fcr\u00fcn\u00fcn sat\u0131\u015f ve teslimi ile ilgili olarak 6502 say\u0131l\u0131 T\u00fcketicinin Korunmas\u0131 Hakk\u0131nda Kanun ve Mesafeli S\u00f6zle\u015fmeler Y\u00f6netmeli\u011fi (RG:27.11.2014\/29188) h\u00fck\u00fcmleri ile y\u00fcr\u00fcrl\u00fckteki di\u011fer yasalara tabidir.<\/li>\n<li>\u00dcr\u00fcn sevkiyat masraf\u0131 olan kargo \u00fccretleri al\u0131c\u0131lar taraf\u0131ndan \u00f6denecektir.<\/li>\n<li>Sat\u0131n al\u0131nan her bir \u00fcr\u00fcn, 30 g\u00fcnl\u00fck yasal s\u00fcreyi a\u015fmamak kayd\u0131 ile al\u0131c\u0131n\u0131n g\u00f6sterdi\u011fi adresteki ki\u015fi ve\/veya kurulu\u015fa teslim edilir. Bu s\u00fcre i\u00e7inde \u00fcr\u00fcn teslim edilmez ise, Al\u0131c\u0131lar s\u00f6zle\u015fmeyi sona erdirebilir.<\/li>\n<li>Sat\u0131n al\u0131nan \u00fcr\u00fcn, eksiksiz ve sipari\u015fte belirtilen niteliklere uygun ve varsa garanti belgesi, kullan\u0131m klavuzu gibi belgelerle teslim edilmek zorundad\u0131r.<\/li>\n<li>Sat\u0131n al\u0131nan \u00fcr\u00fcn\u00fcn sat\u0131lmas\u0131n\u0131n imkans\u0131zla\u015fmas\u0131 durumunda, sat\u0131c\u0131 bu durumu \u00f6\u011frendi\u011finden itibaren 3 g\u00fcn i\u00e7inde yaz\u0131l\u0131 olarak al\u0131c\u0131ya bu durumu bildirmek zorundad\u0131r. 14 g\u00fcn i\u00e7inde de toplam bedel Al\u0131c\u0131\u2019ya iade edilmek zorundad\u0131r.<\/li>\n<\/ol>\n<p>&nbsp;<\/p>\n<p><strong>SATIN ALINAN \u00dcR\u00dcN BEDEL\u0130 \u00d6DENMEZ \u0130SE:<\/strong><\/p>\n<ol start=\"7\">\n<li>Al\u0131c\u0131, sat\u0131n ald\u0131\u011f\u0131 \u00fcr\u00fcn bedelini \u00f6demez veya banka kay\u0131tlar\u0131nda iptal ederse, Sat\u0131c\u0131n\u0131n \u00fcr\u00fcn\u00fc teslim y\u00fck\u00fcml\u00fcl\u00fc\u011f\u00fc sona erer.<\/li>\n<\/ol>\n<p>&nbsp;<\/p>\n<p><strong>KRED\u0130 KARTININ YETK\u0130S\u0130Z KULLANIMI \u0130LE YAPILAN ALI\u015eVER\u0130\u015eLER:<\/strong><\/p>\n<ol start=\"8\">\n<li>\u00dcr\u00fcn teslim edildikten sonra, ALICI\u2019n\u0131n \u00f6deme yapt\u0131\u011f\u0131 kredi kart\u0131n\u0131n yetkisiz ki\u015filer taraf\u0131ndan haks\u0131z olarak kullan\u0131ld\u0131\u011f\u0131 tespit edilirse ve sat\u0131lan \u00fcr\u00fcn bedeli ilgili banka veya finans kurulu\u015fu taraf\u0131ndan SATICI&#8217;ya \u00f6denmez ise, Al\u0131c\u0131, s\u00f6zle\u015fme konusu \u00fcr\u00fcn\u00fc 3 g\u00fcn i\u00e7erisinde nakliye gideri ALICI\u2019ya ait olacak \u015fekilde SATICI\u2019ya iade etmek zorundad\u0131r.<\/li>\n<\/ol>\n<p>&nbsp;<\/p>\n<p><strong>\u00d6NG\u00d6R\u00dcLEMEYEN SEBEPLERLE \u00dcR\u00dcN S\u00dcRES\u0130NDE TESL\u0130M ED\u0130LEMEZ \u0130SE:<\/strong><\/p>\n<ol start=\"9\">\n<li>Sat\u0131c\u0131\u2019n\u0131n \u00f6ng\u00f6remeyece\u011fi m\u00fccbir sebepler olu\u015fursa ve \u00fcr\u00fcn s\u00fcresinde teslim edilemez ise, durum Al\u0131c\u0131\u2019ya bildirilir. Al\u0131c\u0131, sipari\u015fin iptalini, \u00fcr\u00fcn\u00fcn benzeri ile de\u011fi\u015ftirilmesini veya engel ortadan kalkana dek teslimat\u0131n ertelenmesini talep edebilir. Al\u0131c\u0131 sipari\u015fi iptal ederse; \u00f6demeyi nakit ile yapm\u0131\u015f ise iptalinden itibaren 14 g\u00fcn i\u00e7inde kendisine nakden bu \u00fccret \u00f6denir. Al\u0131c\u0131, \u00f6demeyi kredi kart\u0131 ile yapm\u0131\u015f ise ve iptal ederse, bu iptalden itibaren yine 14 g\u00fcn i\u00e7inde \u00fcr\u00fcn bedeli bankaya iade edilir. Bankalarca ya\u015fanan \u00fccret iadesi gecikmelerinde SATICI sorumlu de\u011fildir.<\/li>\n<\/ol>\n<p>&nbsp;<\/p>\n<p><strong>ALICININ \u00dcR\u00dcN\u00dc KONTROL ETME Y\u00dcK\u00dcML\u00dcL\u00dc\u011e\u00dc:<\/strong><\/p>\n<ol start=\"10\">\n<li>Al\u0131c\u0131, s\u00f6zle\u015fme konusu mal\/hizmeti teslim almadan \u00f6nce muayene edecek; ezik, k\u0131r\u0131k, ambalaj\u0131 y\u0131rt\u0131lm\u0131\u015f vb. hasarl\u0131 ve ay\u0131pl\u0131 mal\/hizmeti kargo \u015firketinden teslim almayacakt\u0131r. Teslim al\u0131nan mal\/hizmetin hasars\u0131z ve sa\u011flam oldu\u011fu kabul edilecektir. ALICI , Teslimden sonra \u00fcr\u00fcn\u00fc \u00f6zenle korumak zorundad\u0131r. Cayma hakk\u0131 kullan\u0131lacaksa \u00fcr\u00fcn kullan\u0131lmamal\u0131d\u0131r. \u00dcr\u00fcnle birlikte Fatura da iade edilmelidir.<\/li>\n<\/ol>\n<p>&nbsp;<\/p>\n<p>&nbsp;<\/p>\n<p>&nbsp;<\/p>\n<p>&nbsp;<\/p>\n<p><strong>CAYMA HAKKI:<\/strong><\/p>\n<ol start=\"11\">\n<li>ALICI; sat\u0131n ald\u0131\u011f\u0131 \u00fcr\u00fcn\u00fcn kendisine veya g\u00f6sterdi\u011fi adresteki ki\u015fi\/kurulu\u015fa teslim tarihinden itibaren 14 (on d\u00f6rt) g\u00fcn i\u00e7erisinde, SATICI\u2019ya a\u015fa\u011f\u0131daki ileti\u015fim bilgileri \u00fczerinden veya sitede yer alan iade talebi k\u0131sm\u0131ndan bildirmek \u015fart\u0131yla hi\u00e7bir hukuki ve cezai sorumluluk \u00fcstlenmeksizin ve hi\u00e7bir gerek\u00e7e g\u00f6stermeksizin mal\u0131 reddederek s\u00f6zle\u015fmeden cayma hakk\u0131n\u0131 kullanabilir.<\/li>\n<\/ol>\n<p>&nbsp;<\/p>\n<ol start=\"12\">\n<li><strong>SATICININ CAYMA HAKKI B\u0130LD\u0130R\u0130M\u0130 YAPILACAK \u0130LET\u0130\u015e\u0130M B\u0130LG\u0130LER\u0130:<\/strong><\/li>\n<\/ol>\n<p>&nbsp;<\/p>\n<p>\u015e\u0130RKETUNVANI: Yekta Group Uluslararas\u0131 Tic. Paz Ltd. \u015eti.<br \/>\nADRES: \u0130smet kaptan Mah. 1368 Sk. No:1 Daire:406 KONAK\/\u0130ZM\u0130R<br \/>\nE-POSTA: info@nefesaudio.com<br \/>\nTEL: +90 552 521 20 24<\/p>\n<p>&nbsp;<\/p>\n<p><strong>CAYMA HAKKININ S\u00dcRES\u0130:<\/strong><\/p>\n<ol start=\"13\">\n<li>Cayma hakk\u0131n\u0131n kullan\u0131m\u0131ndan kaynaklanan masraflar SATICI\u2019 ya aittir.<\/li>\n<li>Cayma hakk\u0131n\u0131n kullan\u0131lmas\u0131 i\u00e7in 14 (ond\u00f6rt) g\u00fcnl\u00fck s\u00fcre i\u00e7inde SATICI&#8217; ya sitede yer alan iade talebi k\u0131sm\u0131ndan, veya eposta ile yaz\u0131l\u0131 bildirimde bulunulmas\u0131 \u015fartt\u0131r.<\/li>\n<\/ol>\n<p>&nbsp;<\/p>\n<p><strong>CAYMA HAKKININ KULLANIMI:\u00a0<\/strong><\/p>\n<ol start=\"16\">\n<li>ki\u015fiye veya ALICI\u2019 ya teslim edilen \u00fcr\u00fcn\u00fcn faturas\u0131, (\u0130ade edilmek istenen \u00fcr\u00fcn\u00fcn faturas\u0131 kurumsal ise, iade ederken kurumun d\u00fczenlemi\u015f oldu\u011fu iade faturas\u0131 ile birlikte g\u00f6nderilmesi gerekmektedir. Faturas\u0131 kurumlar ad\u0131na d\u00fczenlenen sipari\u015f iadeleri \u0130ADE FATURASI kesilmedi\u011fi takdirde tamamlanamayacakt\u0131r.<\/li>\n<li>\u0130ade formu, \u0130ade edilecek \u00fcr\u00fcnlerin kutusu, ambalaj\u0131, varsa standart aksesuarlar\u0131 ile birlikte eksiksiz ve hasars\u0131z olarak teslim edilmesi gerekmektedir.<\/li>\n<\/ol>\n<p>&nbsp;<\/p>\n<p><strong>\u0130ADE KO\u015eULLARI:<\/strong><\/p>\n<ol start=\"18\">\n<li>SATICI, cayma bildiriminin kendisine ula\u015fmas\u0131ndan itibaren en ge\u00e7 3 g\u00fcn i\u00e7erisinde bildirime d\u00f6n\u00fc\u015f yapmal\u0131d\u0131r ve ALICI\u2019dan iade edilecek \u00fcr\u00fcn\u00fcn geri g\u00f6nderilmesi i\u00e7in SATICI\u2019n\u0131n belirtti\u011fi kargo firmas\u0131na verilmesini talep etmelidir, bu talep ALICI taraf\u0131ndan en ge\u00e7 5 g\u00fcn i\u00e7erisinde yerine getirilmelidir.<\/li>\n<li>\u0130ade edilen \u00fcr\u00fcn kargo firmas\u0131 taraf\u0131ndan SATICI\u2019ya i\u015fbu s\u00f6zle\u015fmenin \u015fartlar\u0131na uygun olarak teslim edildikten sonra, SATICI en ge\u00e7 3 g\u00fcn i\u00e7erisinde \u00fcr\u00fcn\u00fcn toplam bedelinin iade i\u015flemini ger\u00e7ekle\u015ftirmelidir. Bankalarca ya\u015fanan \u00fccret iadesi gecikmelerinde SATICI sorumlu de\u011fildir.<\/li>\n<li>\u0130\u015fbu S\u00f6zle\u015fmenin \u015fartlar\u0131na uygun olarak iade edilen \u00fcr\u00fcnler geri g\u00f6nderilirken kargo\/nakliye masraflar\u0131 SATICI taraf\u0131ndan \u00f6denecektir. \u00dcr\u00fcn sat\u0131n al\u0131n\u0131rken e\u011fer ilk teslimat\u0131n kargo \u00fccreti ALICI taraf\u0131ndan \u00f6denmi\u015f ise bu bedel \u00fccret iadesi i\u015fleminde dahil olmayacakt\u0131r.<\/li>\n<li>ALICI\u2019 n\u0131n kusurundan kaynaklanan bir nedenle mal\u0131n de\u011ferinde bir azalmaolursa veya iade imk\u00e2ns\u0131zla\u015f\u0131rsa ALICI kusuru oran\u0131nda SATICI\u2019 n\u0131n zararlar\u0131n\u0131 tazmin etmekle y\u00fck\u00fcml\u00fcd\u00fcr. Ancak cayma hakk\u0131 s\u00fcresi i\u00e7inde mal\u0131n veya \u00fcr\u00fcn\u00fcn usul\u00fcne uygun kullan\u0131lmas\u0131 sebebiyle meydana gelen de\u011fi\u015fiklik ve bozulmalardan ALICI sorumlu de\u011fildir.<\/li>\n<\/ol>\n<p>&nbsp;<\/p>\n<p>&nbsp;<\/p>\n<p><strong>\u00a0<\/strong><\/p>\n<p><strong>\u00a0<\/strong><\/p>\n<p><strong>\u00a0<\/strong><\/p>\n<p><strong>TEMERR\u00dcT HAL\u0130 VE HUKUK\u0130 SONU\u00c7LARI<\/strong><\/p>\n<ol start=\"23\">\n<li>ALICI, \u00f6deme i\u015flemlerini kredi kart\u0131 ile yapt\u0131\u011f\u0131 durumda temerr\u00fcde d\u00fc\u015ft\u00fc\u011f\u00fc takdirde, kart sahibi banka ile aras\u0131ndaki kredi kart\u0131 s\u00f6zle\u015fmesi \u00e7er\u00e7evesinde faiz \u00f6deyece\u011fini ve bankaya kar\u015f\u0131 sorumlu olaca\u011f\u0131n\u0131 kabul, beyan ve taahh\u00fct eder. Bu durumda ilgili banka hukuki yollara ba\u015fvurabilir; do\u011facak masraflar\u0131 ve vek\u00e2let \u00fccretini ALICI\u2019dan talep edebilir ve her ko\u015fulda ALICI\u2019n\u0131n borcundan dolay\u0131 temerr\u00fcde d\u00fc\u015fmesi halinde, ALICI, borcun gecikmeli ifas\u0131ndan dolay\u0131 SATICI\u2019n\u0131n u\u011frad\u0131\u011f\u0131 zarar ve ziyan\u0131n\u0131 \u00f6deyece\u011fini kabul eder.<\/li>\n<\/ol>\n<p>&nbsp;<\/p>\n<p><strong>\u00d6DEME VE TESL\u0130MAT<\/strong><\/p>\n<ol start=\"24\">\n<li>Sitemizde g\u00f6r\u00fcnt\u00fclenecek banka hesap bilgilerimizi kullanarak BANKA HAVALES\u0130\/EFT ile \u00f6deme yapabilirsiniz.Al\u0131\u015fveri\u015f i\u015fleminizin tamamlanmas\u0131 i\u00e7in \u00d6deme yapt\u0131ktan sonra site \u00fczerinden veya ileti\u015fim kanallar\u0131m\u0131zdan dekont payla\u015farak \u00f6deme yapt\u0131\u011f\u0131n\u0131z\u0131 bildirmeniz gerekmektedir.<\/li>\n<li>Sitemiz \u00fczerinden kredi veya bankamatik kartlar\u0131n\u0131z ile \u00f6deme yapabilirsiniz, Her t\u00fcrl\u00fc kredi kart\u0131n\u0131za online tek \u00f6deme ya da\u00a0online taksit imk\u00e2nlar\u0131ndan yararlanabilirsiniz. Online \u00f6demelerinizde sipari\u015finiz sonunda kredi kart\u0131n\u0131zdan tutar \u00e7ekim i\u015flemi ger\u00e7ekle\u015fecektir.<\/li>\n<li>\u00dcr\u00fcnlerin teslimat\u0131 SATICI\u2019n\u0131n sitede belirti\u011fi kargo firmas\u0131n\u0131n arac\u0131l\u0131\u011f\u0131yla yap\u0131lmaktad\u0131r.<\/li>\n<\/ol>\n<p>&nbsp;<\/p>\n<p><strong>\u00a0<\/strong><\/p>\n<p><strong>SATICI:\u00a0 <\/strong><a href=\"http:\/\/WWW.NEFESAUD\u0130O.COM\"><strong>WWW.NEFESAUD\u0130O.COM<\/strong><\/a><strong>, Yekta Group Uluslararas\u0131 Tic. Paz. Ltd.\u015eti.<\/strong><\/p>\n<p><strong>TAR\u0130H: Sipari\u015fe ait olan \u00d6deme\u2019nin yap\u0131ld\u0131\u011f\u0131 g\u00fcn ile ayn\u0131d\u0131r. <\/strong><\/p>\n<p><strong>\u00a0<\/strong><\/p>\n<p><strong>\u00a0<\/strong><\/p>\n","protected":false},"excerpt":{"rendered":"<p>T\u00dcKET\u0130C\u0130 HAKLARI \u2013 CAYMA \u2013 \u0130PTAL \u0130ADE KO\u015eULLARI &nbsp; GENEL: Kullanmakta oldu\u011funuz web sitesi \u00fczerinden elektronik ortamda sipari\u015f verdi\u011finiz takdirde,<\/p>\n","protected":false},"author":1,"featured_media":0,"parent":0,"menu_order":0,"comment_status":"closed","ping_status":"closed","template":"","meta":{"_joinchat":[],"footnotes":""},"class_list":["post-10890","page","type-page","status-publish","hentry"],"_links":{"self":[{"href":"https:\/\/nefesaudio.com\/en\/wp-json\/wp\/v2\/pages\/10890","targetHints":{"allow":["GET"]}}],"collection":[{"href":"https:\/\/nefesaudio.com\/en\/wp-json\/wp\/v2\/pages"}],"about":[{"href":"https:\/\/nefesaudio.com\/en\/wp-json\/wp\/v2\/types\/page"}],"author":[{"embeddable":true,"href":"https:\/\/nefesaudio.com\/en\/wp-json\/wp\/v2\/users\/1"}],"replies":[{"embeddable":true,"href":"https:\/\/nefesaudio.com\/en\/wp-json\/wp\/v2\/comments?post=10890"}],"version-history":[{"count":3,"href":"https:\/\/nefesaudio.com\/en\/wp-json\/wp\/v2\/pages\/10890\/revisions"}],"predecessor-version":[{"id":12610,"href":"https:\/\/nefesaudio.com\/en\/wp-json\/wp\/v2\/pages\/10890\/revisions\/12610"}],"wp:attachment":[{"href":"https:\/\/nefesaudio.com\/en\/wp-json\/wp\/v2\/media?parent=10890"}],"curies":[{"name":"wp","href":"https:\/\/api.w.org\/{rel}","templated":true}]}}