{"id":10888,"date":"2023-06-13T13:22:42","date_gmt":"2023-06-13T13:22:42","guid":{"rendered":"https:\/\/nefesaudio.com\/en\/?page_id=10888"},"modified":"2024-07-29T14:37:48","modified_gmt":"2024-07-29T14:37:48","slug":"terms-service","status":"publish","type":"page","link":"https:\/\/nefesaudio.com\/en\/terms-service\/","title":{"rendered":"Terms of Services"},"content":{"rendered":"<p><strong>1.TARAFLAR<\/strong><\/p>\n<p>\u0130\u015fbu S\u00f6zle\u015fme a\u015fa\u011f\u0131daki taraflar aras\u0131nda a\u015fa\u011f\u0131da belirtilen h\u00fck\u00fcm ve \u015fartlar \u00e7er\u00e7evesinde imzalanm\u0131\u015ft\u0131r.<\/p>\n<ol>\n<li>\u2018ALICI\u2019 ; (s\u00f6zle\u015fmede bundan sonra &#8220;ALICI&#8221; olarak an\u0131lacakt\u0131r)<\/li>\n<\/ol>\n<p>sipari\u015f olu\u015fturulurken al\u0131c\u0131 taraf\u0131ndan ibraz edilen bilgiler ge\u00e7erlidir.<\/p>\n<ol>\n<li>\u2018SATICI\u2019 ; (s\u00f6zle\u015fmede bundan sonra &#8220;SATICI&#8221; olarak an\u0131lacakt\u0131r)<\/li>\n<\/ol>\n<p><a href=\"http:\/\/WWW.NEFESAUD\u0130O.COM\">WWW.NEFESAUD\u0130O.COM<\/a>, Yekta Group Uluslararas\u0131 Tic. Paz. Ltd. \u015eti.<\/p>\n<p>ADRES: \u0130smet Kaptan Mah. 1368 Sk. No:1 Daire:406 KONAK\/\u0130ZM\u0130R<\/p>\n<p>&nbsp;<\/p>\n<p>\u0130\u015f bu s\u00f6zle\u015fmeyi kabul etmekle ALICI, s\u00f6zle\u015fme konusu sipari\u015fi onaylad\u0131\u011f\u0131 takdirde sipari\u015f konusu bedeli ve varsa kargo \u00fccreti, vergi gibi belirtilen ek \u00fccretleri \u00f6deme y\u00fck\u00fcml\u00fcl\u00fc\u011f\u00fc alt\u0131na girece\u011fini ve bu konuda bilgilendirildi\u011fini pe\u015finen kabul eder.<\/p>\n<p><strong>2.TANIMLAR<\/strong><\/p>\n<p>\u0130\u015fbu s\u00f6zle\u015fmenin uygulanmas\u0131nda ve yorumlanmas\u0131nda a\u015fa\u011f\u0131da yaz\u0131l\u0131 terimler kar\u015f\u0131lar\u0131ndaki yaz\u0131l\u0131 a\u00e7\u0131klamalar\u0131 ifade edeceklerdir.<\/p>\n<p>BAKAN : G\u00fcmr\u00fck ve Ticaret Bakan\u0131\u2019n\u0131,<\/p>\n<p>BAKANLIK : G\u00fcmr\u00fck ve Ticaret Bakanl\u0131\u011f\u0131\u2019n\u0131,<\/p>\n<p>KANUN : 6502 say\u0131l\u0131 T\u00fcketicinin Korunmas\u0131 Hakk\u0131nda Kanun\u2019u,<\/p>\n<p>Y\u00d6NETMEL\u0130K : Mesafeli S\u00f6zle\u015fmeler Y\u00f6netmeli\u011fi\u2019ni (RG:27.11.2014\/29188)<\/p>\n<p>H\u0130ZMET : Bir \u00fccret veya menfaat kar\u015f\u0131l\u0131\u011f\u0131nda yap\u0131lan ya da yap\u0131lmas\u0131 taahh\u00fct edilen mal sa\u011flama d\u0131\u015f\u0131ndaki her t\u00fcrl\u00fc t\u00fcketici i\u015fleminin konusunu ,<\/p>\n<p>SATICI : Ticari veya mesleki faaliyetleri kapsam\u0131nda t\u00fcketiciye mal sunan veya mal sunan ad\u0131na veya hesab\u0131na hareket eden \u015firketi,<\/p>\n<p>ALICI : Bir mal veya hizmeti ticari veya mesleki olmayan ama\u00e7larla edinen, kullanan veya yararlanan ger\u00e7ek ya da t\u00fczel ki\u015fiyi,<\/p>\n<p>S\u0130TE :SATICI\u2019ya ait internet sitesini,<\/p>\n<p>S\u0130PAR\u0130\u015e VEREN: Bir mal veya hizmeti SATICI\u2019ya ait internet sitesi \u00fczerinden talep eden ger\u00e7ek ya da t\u00fczel ki\u015fiyi,<\/p>\n<p>TARAFLAR : SATICI ve ALICI\u2019y\u0131,<\/p>\n<p>S\u00d6ZLE\u015eME : SATICI ve ALICI aras\u0131nda akdedilen i\u015fbu s\u00f6zle\u015fmeyi,<\/p>\n<p>MAL : Al\u0131\u015fveri\u015fe konu olan ta\u015f\u0131n\u0131r e\u015fyay\u0131 ve elektronik ortamda kullan\u0131lmak \u00fczere haz\u0131rlanan yaz\u0131l\u0131m, ses, g\u00f6r\u00fcnt\u00fc ve benzeri gayri maddi mallar\u0131 ifade eder.<\/p>\n<p><strong>3.KONU<\/strong><\/p>\n<p>\u0130\u015fbu S\u00f6zle\u015fme, ALICI\u2019n\u0131n, SATICI\u2019ya ait internet sitesi \u00fczerinden elektronik ortamda sipari\u015fini verdi\u011fi a\u015fa\u011f\u0131da nitelikleri ve sat\u0131\u015f fiyat\u0131 belirtilen \u00fcr\u00fcn\u00fcn sat\u0131\u015f\u0131 ve teslimi ile ilgili olarak 6502 say\u0131l\u0131 T\u00fcketicinin Korunmas\u0131 Hakk\u0131nda Kanun ve Mesafeli S\u00f6zle\u015fmelere Dair Y\u00f6netmelik h\u00fck\u00fcmleri gere\u011fince taraflar\u0131n hak ve y\u00fck\u00fcml\u00fcl\u00fcklerini d\u00fczenler.<\/p>\n<p>Listelenen ve sitede ilan edilen fiyatlar sat\u0131\u015f fiyat\u0131d\u0131r. \u0130lan edilen fiyatlar ve vaatler g\u00fcncelleme yap\u0131lana ve de\u011fi\u015ftirilene kadar ge\u00e7erlidir. S\u00fcreli olarak ilan edilen fiyatlar ise belirtilen s\u00fcre sonuna kadar ge\u00e7erlidir.<\/p>\n<ol start=\"4\">\n<li><strong> SATICI B\u0130LG\u0130LER\u0130<\/strong><\/li>\n<\/ol>\n<p>\u00dcnvan\u0131: <a href=\"https:\/\/nefesaudio.com\/en\">www.nefesaudio.com<\/a> , Yekta Group Uluslararas\u0131 Tic. Paz. Ltd. \u015eti.<br \/>\nAdres: \u0130smet Kaptan Mah. 1368 Sk. No:1 Daire:406 KONAK\/\u0130ZM\u0130R<br \/>\nTelefon: +90 552 521 20 24<br \/>\nEposta: info@nefesaudio.com<\/p>\n<ol start=\"6\">\n<li><strong> S\u0130PAR\u0130\u015e VEREN K\u0130\u015e\u0130 B\u0130LG\u0130LER\u0130<\/strong><\/li>\n<\/ol>\n<p>sipari\u015f olu\u015fturulurken al\u0131c\u0131 taraf\u0131ndan ibraz edilen bilgiler ge\u00e7erlidir.<\/p>\n<ol start=\"7\">\n<li><strong> S\u00d6ZLE\u015eME KONUSU \u00dcR\u00dcN\/\u00dcR\u00dcNLER B\u0130LG\u0130LER\u0130<\/strong><\/li>\n<li>Mal\u0131n \/\u00dcr\u00fcn\/\u00dcr\u00fcnlerin\/ Hizmetin temel \u00f6zelliklerini (t\u00fcr\u00fc, miktar\u0131, marka\/modeli, rengi, adedi) SATICI\u2019ya ait internet sitesinde yay\u0131nlanmaktad\u0131r. Sat\u0131c\u0131 taraf\u0131ndan kampanya d\u00fczenlenmi\u015f ise ilgili \u00fcr\u00fcn\u00fcn temel \u00f6zelliklerini kampanya s\u00fcresince inceleyebilirsiniz. Kampanya tarihine kadar ge\u00e7erlidir.<\/li>\n<\/ol>\n<p><strong>7.2.<\/strong>\u00a0Listelenen ve sitede ilan edilen fiyatlar sat\u0131\u015f fiyat\u0131d\u0131r. \u0130lan edilen fiyatlar ve vaatler g\u00fcncelleme yap\u0131lana ve de\u011fi\u015ftirilene kadar ge\u00e7erlidir. S\u00fcreli olarak ilan edilen fiyatlar ise belirtilen s\u00fcre sonuna kadar ge\u00e7erlidir.<\/p>\n<p><strong>7.3.<\/strong>\u00a0S\u00f6zle\u015fme konusu mal ya da hizmetin t\u00fcm vergiler d\u00e2hil sat\u0131\u015f fiyat\u0131 \u00f6deme sayfas\u0131nda g\u00f6sterildi\u011fi gibidir.<\/p>\n<p>&nbsp;<\/p>\n<p>\u00d6deme \u015eekli ve Plan\u0131: Online ya da Havale\/EFT olarak se\u00e7enek sunulmu\u015ftur.\u00a0 ALICI\u2019n\u0131n se\u00e7ti\u011fi y\u00f6ntem ge\u00e7erlidir.<\/p>\n<p>&nbsp;<\/p>\n<p>Teslimat Adresi: sipari\u015f olu\u015fturulurken al\u0131c\u0131 taraf\u0131ndan ibraz edilen adres bilgisi ge\u00e7erlidir.<\/p>\n<p>Teslim Edilecek ki\u015fi: sipari\u015f olu\u015fturulurken al\u0131c\u0131 taraf\u0131ndan ibraz edilen bilgiler ge\u00e7erlidir.<\/p>\n<p>&nbsp;<\/p>\n<p>Fatura Adresi: sipari\u015f olu\u015fturulurken al\u0131c\u0131 taraf\u0131ndan ibraz edilen bilgiler ge\u00e7erlidir.<\/p>\n<p>Sipari\u015f Tarihi: Sipari\u015fe ait olan \u00d6deme\u2019nin yap\u0131ld\u0131\u011f\u0131 g\u00fcn ile ayn\u0131d\u0131r.<\/p>\n<p>&nbsp;<\/p>\n<p>Teslimat tarihi: sipari\u015f olu\u015fturulurken esnas\u0131nda yaz\u0131lan teslimat s\u00fcresi ge\u00e7erlidir.<\/p>\n<p>&nbsp;<\/p>\n<p>Teslimat \u015fekli: SATICI taraf\u0131ndan belirtilen kargo firmas\u0131 arac\u0131l\u0131\u011f\u0131yla yap\u0131lmaktad\u0131r.<\/p>\n<p>&nbsp;<\/p>\n<p><strong>7.4.<\/strong>\u00a0 \u00dcr\u00fcn sevkiyat masraf\u0131 olan kargo \u00fccreti sipari\u015f olu\u015fturma esnas\u0131nda aksi belirtilmeyene kadar ALICI taraf\u0131ndan \u00f6denecektir.<\/p>\n<ol start=\"8\">\n<li>8<strong>. FATURA B\u0130LG\u0130LER\u0130<\/strong><\/li>\n<\/ol>\n<p>sipari\u015f olu\u015fturulurken al\u0131c\u0131 taraf\u0131ndan ibraz edilen bilgiler ge\u00e7erlidir.<\/p>\n<p>ALICI taraf\u0131ndan aksi istenmeyene kadar teslimat adresi olarak ibraz edilen bilgiler ile ayn\u0131d\u0131r.<\/p>\n<ol start=\"9\">\n<li><strong> GENEL H\u00dcK\u00dcMLER<\/strong><\/li>\n<\/ol>\n<p><strong>9.1.<\/strong>\u00a0ALICI, SATICI\u2019ya ait internet sitesinde s\u00f6zle\u015fme konusu \u00fcr\u00fcn\u00fcn temel nitelikleri, sat\u0131\u015f fiyat\u0131 ve \u00f6deme \u015fekli ile teslimata ili\u015fkin \u00f6n bilgileri okuyup, bilgi sahibi oldu\u011funu, elektronik ortamda gerekli teyidi verdi\u011fini kabul, beyan ve taahh\u00fct eder. ALICI\u2019n\u0131n; \u00d6n Bilgilendirmeyi elektronik ortamda teyit etmesi, mesafeli sat\u0131\u015f s\u00f6zle\u015fmesinin kurulmas\u0131ndan evvel, SATICI taraf\u0131ndan ALICI&#8217; ya verilmesi gereken adresi, sipari\u015fi verilen \u00fcr\u00fcnlere ait temel \u00f6zellikleri, \u00fcr\u00fcnlerin vergiler d\u00e2hil fiyat\u0131n\u0131, \u00f6deme ve teslimat bilgilerini de do\u011fru ve eksiksiz olarak edindi\u011fini kabul, beyan ve taahh\u00fct eder.<\/p>\n<p><strong>9.2.<\/strong>\u00a0S\u00f6zle\u015fme konusu her bir \u00fcr\u00fcn, 30 g\u00fcnl\u00fck yasal s\u00fcreyi a\u015fmamak kayd\u0131 ile ALICI&#8217; n\u0131n yerle\u015fim yeri uzakl\u0131\u011f\u0131na ba\u011fl\u0131 olarak internet sitesindeki \u00f6n bilgiler k\u0131sm\u0131nda belirtilen s\u00fcre zarf\u0131nda ALICI veya ALICI\u2019n\u0131n g\u00f6sterdi\u011fi adresteki ki\u015fi ve\/veya kurulu\u015fa teslim edilir. Bu s\u00fcre i\u00e7inde \u00fcr\u00fcn\u00fcn ALICI\u2019ya teslim edilememesi durumunda, ALICI\u2019n\u0131n s\u00f6zle\u015fmeyi feshetme hakk\u0131 sakl\u0131d\u0131r.<\/p>\n<p><strong>9.3.<\/strong>\u00a0SATICI, S\u00f6zle\u015fme konusu \u00fcr\u00fcn\u00fc eksiksiz, sipari\u015fte belirtilen niteliklere uygun ve varsa garanti belgeleri, kullan\u0131m k\u0131lavuzlar\u0131 i\u015fin gere\u011fi olan bilgi ve belgeler ile teslim etmeyi, her t\u00fcrl\u00fc ay\u0131ptan ar\u00ee olarak yasal mevzuat gereklerine g\u00f6re sa\u011flam, standartlara uygun bir \u015fekilde i\u015fi do\u011fruluk ve d\u00fcr\u00fcstl\u00fck esaslar\u0131 d\u00e2hilinde ifa etmeyi, hizmet kalitesini koruyup y\u00fckseltmeyi, i\u015fin ifas\u0131 s\u0131ras\u0131nda gerekli dikkat ve \u00f6zeni g\u00f6stermeyi, ihtiyat ve \u00f6ng\u00f6r\u00fc ile hareket etmeyi kabul, beyan ve taahh\u00fct eder.<\/p>\n<p><strong>9.4.<\/strong>\u00a0SATICI, s\u00f6zle\u015fmeden do\u011fan ifa y\u00fck\u00fcml\u00fcl\u00fc\u011f\u00fcn\u00fcn s\u00fcresi dolmadan ALICI\u2019y\u0131 bilgilendirmek ve a\u00e7\u0131k\u00e7a onay\u0131n\u0131 almak suretiyle e\u015fit kalite ve fiyatta farkl\u0131 bir \u00fcr\u00fcn tedarik edebilir.<\/p>\n<p><strong>9.5.<\/strong>\u00a0SATICI, sipari\u015f konusu \u00fcr\u00fcn veya hizmetin yerine getirilmesinin imk\u00e2ns\u0131zla\u015fmas\u0131 halinde s\u00f6zle\u015fme konusu y\u00fck\u00fcml\u00fcl\u00fcklerini yerine getiremezse, bu durumu, \u00f6\u011frendi\u011fi tarihten itibaren 3 g\u00fcn i\u00e7inde yaz\u0131l\u0131 olarak t\u00fcketiciye bildirece\u011fini, 14 g\u00fcnl\u00fck s\u00fcre i\u00e7inde toplam bedeli ALICI\u2019ya iade edece\u011fini kabul, beyan ve taahh\u00fct eder.<\/p>\n<p><strong>9.6.<\/strong>\u00a0ALICI, S\u00f6zle\u015fme konusu \u00fcr\u00fcn\u00fcn teslimat\u0131 i\u00e7in i\u015fbu S\u00f6zle\u015fme\u2019yi elektronik ortamda teyit edece\u011fini, herhangi bir nedenle s\u00f6zle\u015fme konusu \u00fcr\u00fcn bedelinin \u00f6denmemesi ve\/veya banka kay\u0131tlar\u0131nda iptal edilmesi halinde, SATICI\u2019n\u0131n s\u00f6zle\u015fme konusu \u00fcr\u00fcn\u00fc teslim y\u00fck\u00fcml\u00fcl\u00fc\u011f\u00fcn\u00fcn sona erece\u011fini kabul, beyan ve taahh\u00fct eder.<\/p>\n<p><strong>9.7.<\/strong>\u00a0ALICI, S\u00f6zle\u015fme konusu \u00fcr\u00fcn\u00fcn ALICI veya ALICI\u2019n\u0131n g\u00f6sterdi\u011fi adresteki ki\u015fi ve\/veya kurulu\u015fa tesliminden sonra ALICI&#8217;ya ait kredi kart\u0131n\u0131n yetkisiz ki\u015filerce haks\u0131z kullan\u0131lmas\u0131 sonucunda s\u00f6zle\u015fme konusu \u00fcr\u00fcn bedelinin ilgili banka veya finans kurulu\u015fu taraf\u0131ndan SATICI&#8217;ya \u00f6denmemesi halinde, ALICI S\u00f6zle\u015fme konusu \u00fcr\u00fcn\u00fc 3 g\u00fcn i\u00e7erisinde nakliye gideri SATICI\u2019ya ait olacak \u015fekilde SATICI\u2019ya iade edece\u011fini kabul, beyan ve taahh\u00fct eder.<\/p>\n<p><strong>9.8.<\/strong>\u00a0SATICI, taraflar\u0131n iradesi d\u0131\u015f\u0131nda geli\u015fen, \u00f6nceden \u00f6ng\u00f6r\u00fclemeyen ve taraflar\u0131n bor\u00e7lar\u0131n\u0131 yerine getirmesini engelleyici ve\/veya geciktirici hallerin olu\u015fmas\u0131 gibi m\u00fccbir sebepler halleri nedeni ile s\u00f6zle\u015fme konusu \u00fcr\u00fcn\u00fc s\u00fcresi i\u00e7inde teslim edemez ise, durumu ALICI&#8217;ya bildirece\u011fini kabul, beyan ve taahh\u00fct eder. ALICI da sipari\u015fin iptal edilmesini, s\u00f6zle\u015fme konusu \u00fcr\u00fcn\u00fcn varsa emsali ile de\u011fi\u015ftirilmesini veya teslimat s\u00fcresinin engelleyici durumun ortadan kalkmas\u0131na kadar ertelenmesini SATICI\u2019dan talep etme hakk\u0131n\u0131 haizdir. ALICI taraf\u0131ndan sipari\u015fin iptal edilmesi halinde ALICI\u2019n\u0131n nakit ile yapt\u0131\u011f\u0131 \u00f6demelerde, \u00fcr\u00fcn tutar\u0131 14 g\u00fcn i\u00e7inde kendisine nakden ve defaten \u00f6denir. ALICI\u2019n\u0131n kredi kart\u0131 ile yapt\u0131\u011f\u0131 \u00f6demelerde ise, \u00fcr\u00fcn tutar\u0131, sipari\u015fin ALICI taraf\u0131ndan iptal edilmesinden sonra 5 i\u015f g\u00fcn\u00fc i\u00e7erisinde ilgili bankaya iade edilir. ALICI, SATICI taraf\u0131ndan kredi kart\u0131na iade edilen tutar\u0131n banka taraf\u0131ndan ALICI hesab\u0131na yans\u0131t\u0131lmas\u0131na ili\u015fkin ortalama s\u00fcrecin 2 ile 3 haftay\u0131 bulabilece\u011fini, bu tutar\u0131n bankaya iadesinden sonra ALICI\u2019n\u0131n hesaplar\u0131na yans\u0131mas\u0131 halinin tamamen banka i\u015flem s\u00fcreci ile ilgili oldu\u011fundan, ALICI, olas\u0131 gecikmeler i\u00e7in SATICI\u2019y\u0131 sorumlu tutamayaca\u011f\u0131n\u0131 kabul, beyan ve taahh\u00fct eder.<\/p>\n<p><strong>9.9.<\/strong>\u00a0SATICININ, ALICI taraf\u0131ndan siteye kay\u0131t formunda belirtilen veya daha sonra kendisi taraf\u0131ndan g\u00fcncellenen adresi, e-posta adresi, sabit ve mobil telefon hatlar\u0131 ve di\u011fer ileti\u015fim bilgileri \u00fczerinden mektup, e-posta, SMS, telefon g\u00f6r\u00fc\u015fmesi ve di\u011fer yollarla ileti\u015fim, pazarlama, bildirim ve di\u011fer ama\u00e7larla ALICI\u2019ya ula\u015fma hakk\u0131 bulunmaktad\u0131r. ALICI, i\u015fbu s\u00f6zle\u015fmeyi kabul etmekle SATICI\u2019n\u0131n kendisine y\u00f6nelik yukar\u0131da belirtilen ileti\u015fim faaliyetlerinde bulunabilece\u011fini kabul ve beyan etmektedir.<\/p>\n<p><strong>9.10.<\/strong>\u00a0ALICI, s\u00f6zle\u015fme konusu mal\/hizmeti teslim almadan \u00f6nce muayene edecek; ezik, k\u0131r\u0131k, ambalaj\u0131 y\u0131rt\u0131lm\u0131\u015f vb. hasarl\u0131 ve ay\u0131pl\u0131 mal\/hizmeti kargo \u015firketinden teslim almayacakt\u0131r. Teslim al\u0131nan mal\/hizmetin hasars\u0131z ve sa\u011flam oldu\u011fu kabul edilecektir. Teslimden sonra mal\/hizmetin \u00f6zenle korunmas\u0131 borcu, ALICI\u2019ya aittir. Cayma hakk\u0131 kullan\u0131lacaksa mal\/hizmet kullan\u0131lmamal\u0131d\u0131r. Fatura iade edilmelidir.<\/p>\n<p><strong>9.11.<\/strong>\u00a0ALICI ile sipari\u015f esnas\u0131nda kullan\u0131lan kredi kart\u0131 hamilinin ayn\u0131 ki\u015fi olmamas\u0131 veya \u00fcr\u00fcn\u00fcn ALICI\u2019ya tesliminden evvel, sipari\u015fte kullan\u0131lan kredi kart\u0131na ili\u015fkin g\u00fcvenlik a\u00e7\u0131\u011f\u0131 tespit edilmesi halinde, SATICI, kredi kart\u0131 hamiline ili\u015fkin kimlik ve ileti\u015fim bilgilerini, sipari\u015fte kullan\u0131lan kredi kart\u0131n\u0131n bir \u00f6nceki aya ait ekstresini yahut kart hamilinin bankas\u0131ndan kredi kart\u0131n\u0131n kendisine ait oldu\u011funa ili\u015fkin yaz\u0131y\u0131 ibraz etmesini ALICI\u2019dan talep edebilir. ALICI\u2019n\u0131n talebe konu bilgi\/belgeleri temin etmesine kadar ge\u00e7ecek s\u00fcrede sipari\u015f dondurulacak olup, mezkur taleplerin 24 saat i\u00e7erisinde kar\u015f\u0131lanmamas\u0131 halinde ise SATICI, sipari\u015fi iptal etme hakk\u0131n\u0131 haizdir.<\/p>\n<p><strong>9.12.<\/strong>\u00a0ALICI, SATICI\u2019ya ait internet sitesine \u00fcye olurken verdi\u011fi ki\u015fisel ve di\u011fer sair bilgilerin ger\u00e7e\u011fe uygun oldu\u011funu, SATICI\u2019n\u0131n bu bilgilerin ger\u00e7e\u011fe ayk\u0131r\u0131l\u0131\u011f\u0131 nedeniyle u\u011frayaca\u011f\u0131 t\u00fcm zararlar\u0131, SATICI\u2019n\u0131n ilk bildirimi \u00fczerine derhal, nakden ve defaten tazmin edece\u011fini beyan ve taahh\u00fct eder.<\/p>\n<p><strong>9.13.<\/strong>\u00a0ALICI, SATICI\u2019ya ait internet sitesini kullan\u0131rken yasal mevzuat h\u00fck\u00fcmlerine riayet etmeyi ve bunlar\u0131 ihlal etmemeyi ba\u015ftan kabul ve taahh\u00fct eder. Aksi takdirde, do\u011facak t\u00fcm hukuki ve cezai y\u00fck\u00fcml\u00fcl\u00fckler tamamen ve m\u00fcnhas\u0131ran ALICI\u2019y\u0131 ba\u011flayacakt\u0131r.<\/p>\n<p><strong>9.14.<\/strong>\u00a0ALICI, SATICI\u2019ya ait internet sitesini hi\u00e7bir \u015fekilde kamu d\u00fczenini bozucu, genel ahlaka ayk\u0131r\u0131, ba\u015fkalar\u0131n\u0131 rahats\u0131z ve taciz edici \u015fekilde, yasalara ayk\u0131r\u0131 bir ama\u00e7 i\u00e7in, ba\u015fkalar\u0131n\u0131n maddi ve manevi haklar\u0131na tecav\u00fcz edecek \u015fekilde kullanamaz. Ayr\u0131ca, \u00fcye ba\u015fkalar\u0131n\u0131n hizmetleri kullanmas\u0131n\u0131 \u00f6nleyici veya zorla\u015ft\u0131r\u0131c\u0131 faaliyet (spam, virus, truva at\u0131, vb.) i\u015flemlerde bulunamaz.<\/p>\n<p><strong>9.15.<\/strong>\u00a0SATICI\u2019ya ait internet sitesinin \u00fczerinden, SATICI\u2019n\u0131n kendi kontrol\u00fcnde olmayan ve\/veya ba\u015fkaca \u00fc\u00e7\u00fcnc\u00fc ki\u015filerin sahip oldu\u011fu ve\/veya i\u015fletti\u011fi ba\u015fka web sitelerine ve\/veya ba\u015fka i\u00e7eriklere link verilebilir. Bu linkler ALICI\u2019ya y\u00f6nlenme kolayl\u0131\u011f\u0131 sa\u011flamak amac\u0131yla konmu\u015f olup herhangi bir web sitesini veya o siteyi i\u015fleten ki\u015fiyi desteklememekte ve Link verilen web sitesinin i\u00e7erdi\u011fi bilgilere y\u00f6nelik herhangi bir garanti niteli\u011fi ta\u015f\u0131mamaktad\u0131r.<\/p>\n<p><strong>9.16.<\/strong>\u00a0\u0130\u015fbu s\u00f6zle\u015fme i\u00e7erisinde say\u0131lan maddelerden bir ya da birka\u00e7\u0131n\u0131 ihlal eden \u00fcye i\u015fbu ihlal nedeniyle cezai ve hukuki olarak \u015fahsen sorumlu olup, SATICI\u2019y\u0131 bu ihlallerin hukuki ve cezai sonu\u00e7lar\u0131ndan ari tutacakt\u0131r. Ayr\u0131ca; i\u015fbu ihlal nedeniyle, olay\u0131n hukuk alan\u0131na intikal ettirilmesi halinde, SATICI\u2019n\u0131n \u00fcyeye kar\u015f\u0131 \u00fcyelik s\u00f6zle\u015fmesine uyulmamas\u0131ndan dolay\u0131 tazminat talebinde bulunma hakk\u0131 sakl\u0131d\u0131r.<\/p>\n<ol start=\"10\">\n<li><strong> CAYMA HAKKI<\/strong><\/li>\n<\/ol>\n<p><strong>Sitemizde payla\u015f\u0131lan \u201ciptal, iade ko\u015fullar\u0131\u201d s\u00f6zle\u015fmesinde yer alan b\u00fct\u00fcn maddeler ge\u00e7erlidir.<\/strong><\/p>\n<ol start=\"12\">\n<li><strong> TEMERR\u00dcT HAL\u0130 VE HUKUK\u0130 SONU\u00c7LARI<\/strong><\/li>\n<\/ol>\n<p>ALICI, \u00f6deme i\u015flemlerini kredi kart\u0131 ile yapt\u0131\u011f\u0131 durumda temerr\u00fcde d\u00fc\u015ft\u00fc\u011f\u00fc takdirde, kart sahibi banka ile aras\u0131ndaki kredi kart\u0131 s\u00f6zle\u015fmesi \u00e7er\u00e7evesinde faiz \u00f6deyece\u011fini ve bankaya kar\u015f\u0131 sorumlu olaca\u011f\u0131n\u0131 kabul, beyan ve taahh\u00fct eder. Bu durumda ilgili banka hukuki yollara ba\u015fvurabilir; do\u011facak masraflar\u0131 ve vek\u00e2let \u00fccretini ALICI\u2019dan talep edebilir ve her ko\u015fulda ALICI\u2019n\u0131n borcundan dolay\u0131 temerr\u00fcde d\u00fc\u015fmesi halinde, ALICI, borcun gecikmeli ifas\u0131ndan dolay\u0131 SATICI\u2019n\u0131n u\u011frad\u0131\u011f\u0131 zarar ve ziyan\u0131n\u0131 \u00f6deyece\u011fini kabul, beyan ve taahh\u00fct eder.<\/p>\n<ol start=\"13\">\n<li><strong> YETK\u0130L\u0130 MAHKEME<\/strong><\/li>\n<\/ol>\n<p><strong>\u0130\u015fbu s\u00f6zle\u015fmeden do\u011fan uyu\u015fmazl\u0131klarda \u015fikayet ve itirazlar,<\/strong>\u00a0a\u015fa\u011f\u0131daki kanunda belirtilen parasal s\u0131n\u0131rlar d\u00e2hilinde t\u00fcketicinin yerle\u015fim yerinin bulundu\u011fu veya t\u00fcketici i\u015fleminin yap\u0131ld\u0131\u011f\u0131 yerdeki t\u00fcketici sorunlar\u0131 hakem heyetine veya t\u00fcketici mahkemesine yap\u0131lacakt\u0131r. Parasal s\u0131n\u0131ra ili\u015fkin bilgiler a\u015fa\u011f\u0131dad\u0131r:<\/p>\n<p>28\/05\/2014 tarihinden itibaren ge\u00e7erli olmak \u00fczere:<\/p>\n<ol start=\"68\">\n<li><strong>a)\u00a0<\/strong>6502 say\u0131l\u0131 T\u00fcketicinin Korunmas\u0131 Hakk\u0131nda Kanun\u2019un 68. Maddesi gere\u011fi de\u011feri 2.000,00 (ikibin) TL\u2019nin alt\u0131nda olan uyu\u015fmazl\u0131klarda il\u00e7e t\u00fcketici hakem heyetlerine,<\/li>\n<li>b) De\u011feri 3.000,00(\u00fc\u00e7bin)TL\u2019 nin alt\u0131nda bulunan uyu\u015fmazl\u0131klarda il t\u00fcketici hakem heyetlerine,<\/li>\n<li>c) B\u00fcy\u00fck\u015fehir stat\u00fcs\u00fcnde bulunan illerde ise de\u011feri 2.000,00 (ikibin) TL ile 3.000,00(\u00fc\u00e7bin)TL\u2019 aras\u0131ndaki uyu\u015fmazl\u0131klarda il t\u00fcketici hakem heyetlerine ba\u015fvuru yap\u0131lmaktad\u0131r.<br \/>\n\u0130\u015fbu S\u00f6zle\u015fme ticari ama\u00e7larla yap\u0131lmaktad\u0131r.<\/li>\n<li><strong> Y\u00dcR\u00dcRL\u00dcK<\/strong><\/li>\n<\/ol>\n<p>ALICI, Site \u00fczerinden verdi\u011fi sipari\u015fe ait \u00f6demeyi ger\u00e7ekle\u015ftirdi\u011finde i\u015fbu s\u00f6zle\u015fmenin t\u00fcm \u015fartlar\u0131n\u0131 kabul etmi\u015f say\u0131l\u0131r. SATICI, sipari\u015fin ger\u00e7ekle\u015fmesi \u00f6ncesinde i\u015fbu s\u00f6zle\u015fmenin sitede ALICI taraf\u0131ndan okunup kabul edildi\u011fine dair onay alacak \u015fekilde gerekli yaz\u0131l\u0131msal d\u00fczenlemeleri yapmakla y\u00fck\u00fcml\u00fcd\u00fcr.<\/p>\n<p>&nbsp;<\/p>\n<p>SATICI:<a href=\"http:\/\/WWW.NEFESAUD\u0130O.COM\">WWW.NEFESAUD\u0130O.COM<\/a>, Yekta Group Uluslararas\u0131 Tic. Paz. Ltd. \u015eti.<\/p>\n<p>TAR\u0130H: Sipari\u015fe ait olan \u00d6deme\u2019nin yap\u0131ld\u0131\u011f\u0131 g\u00fcn ile ayn\u0131d\u0131r.<\/p>\n<p>&nbsp;<\/p>\n<p>&nbsp;<\/p>\n<p>&nbsp;<\/p>\n","protected":false},"excerpt":{"rendered":"<p>1.TARAFLAR \u0130\u015fbu S\u00f6zle\u015fme a\u015fa\u011f\u0131daki taraflar aras\u0131nda a\u015fa\u011f\u0131da belirtilen h\u00fck\u00fcm ve \u015fartlar \u00e7er\u00e7evesinde imzalanm\u0131\u015ft\u0131r. \u2018ALICI\u2019 ; (s\u00f6zle\u015fmede bundan sonra &#8220;ALICI&#8221; olarak<\/p>\n","protected":false},"author":1,"featured_media":0,"parent":0,"menu_order":0,"comment_status":"closed","ping_status":"closed","template":"","meta":{"_joinchat":[],"footnotes":""},"class_list":["post-10888","page","type-page","status-publish","hentry"],"_links":{"self":[{"href":"https:\/\/nefesaudio.com\/en\/wp-json\/wp\/v2\/pages\/10888","targetHints":{"allow":["GET"]}}],"collection":[{"href":"https:\/\/nefesaudio.com\/en\/wp-json\/wp\/v2\/pages"}],"about":[{"href":"https:\/\/nefesaudio.com\/en\/wp-json\/wp\/v2\/types\/page"}],"author":[{"embeddable":true,"href":"https:\/\/nefesaudio.com\/en\/wp-json\/wp\/v2\/users\/1"}],"replies":[{"embeddable":true,"href":"https:\/\/nefesaudio.com\/en\/wp-json\/wp\/v2\/comments?post=10888"}],"version-history":[{"count":5,"href":"https:\/\/nefesaudio.com\/en\/wp-json\/wp\/v2\/pages\/10888\/revisions"}],"predecessor-version":[{"id":12604,"href":"https:\/\/nefesaudio.com\/en\/wp-json\/wp\/v2\/pages\/10888\/revisions\/12604"}],"wp:attachment":[{"href":"https:\/\/nefesaudio.com\/en\/wp-json\/wp\/v2\/media?parent=10888"}],"curies":[{"name":"wp","href":"https:\/\/api.w.org\/{rel}","templated":true}]}}